{"id":21458,"date":"2020-05-12T10:13:31","date_gmt":"2020-05-12T08:13:31","guid":{"rendered":"https:\/\/vinsripoll.com\/product\/vino-rosado\/"},"modified":"2025-06-03T13:03:20","modified_gmt":"2025-06-03T11:03:20","slug":"rosewein-ses-roques","status":"publish","type":"product","link":"https:\/\/vinsripoll.com\/de\/product\/rosewein-ses-roques\/","title":{"rendered":"Ros\u00e9wein"},"content":{"rendered":"<ul>\n<li>Jahrgang: 2023.<\/li>\n<li>Kontrollierte G\u00e4rung in Edelstahltanks.<\/li>\n<li>Herkunft: Kastilien-La Mancha.<\/li>\n<li>Reben: zwischen 20-30 Jahre alt, sowohl Buschreben als auch Spalierreben.<\/li>\n<li>Bodenbeschaffenheit: sandige B\u00f6den in Trockengebieten.<\/li>\n<\/ul>\n","protected":false},"excerpt":{"rendered":"<p>Ses Roques Ros\u00e9wein.<\/p>\n<p>Die Herstellung von Ros\u00e9wein ist komplexer. Der Most wird sorgf\u00e4ltig gepresst, da der richtige Farbton innerhalb einer bestimmten Zeitspanne erreicht werden muss.<\/p>\n<p>Nachdem die Trauben entrappt und sanft gequetscht wurden, kommt der Most direkt in die pneumatische Presse, wo er mit den Schalen und unter Zuhilfenahme von Trockeneis mazeriert wird, um Oxidation und unerw\u00fcnschte Vorg\u00e4rung zu verhindern, bis eine blassrosa Farbe erreicht ist.<\/p>\n<p>Anschlie\u00dfend wird der Most in kleine G\u00e4rbeh\u00e4lter aus Edelstahl umgef\u00fcllt, wo er bei einer kontrollierten Temperatur von 16 \u00baC vergoren wird. Nach der G\u00e4rung wird der Wein in einen anderen Edelstahltank umgef\u00fcllt, wo er zwei Monate lang ruht, bevor er in Flaschen abgef\u00fcllt wird.<\/p>\n","protected":false},"featured_media":20953,"comment_status":"closed","ping_status":"closed","template":"","meta":[],"product_brand":[],"product_cat":[208,227],"product_tag":[],"class_list":{"0":"post-21458","1":"product","2":"type-product","3":"status-publish","4":"has-post-thumbnail","6":"product_cat-nicht-kategorisiert","7":"product_cat-white-wine-de","9":"first","10":"instock","11":"shipping-taxable","12":"product-type-simple"},"yoast_head":"<!-- This site is optimized with the Yoast SEO plugin v24.8.1 - https:\/\/yoast.com\/wordpress\/plugins\/seo\/ -->\n<title>Ros\u00e9wein - Vins Ripoll<\/title>\n<meta name=\"robots\" content=\"index, follow, max-snippet:-1, max-image-preview:large, max-video-preview:-1\" \/>\n<link rel=\"canonical\" href=\"https:\/\/vinsripoll.com\/de\/product\/rosewein-ses-roques\/\" \/>\n<meta property=\"og:locale\" content=\"de_DE\" \/>\n<meta property=\"og:type\" content=\"article\" \/>\n<meta property=\"og:title\" content=\"Ros\u00e9wein - Vins Ripoll\" \/>\n<meta property=\"og:description\" content=\"Ses Roques Ros\u00e9wein.  Die Herstellung von Ros\u00e9wein ist komplexer. Der Most wird sorgf\u00e4ltig gepresst, da der richtige Farbton innerhalb einer bestimmten Zeitspanne erreicht werden muss.  Nachdem die Trauben entrappt und sanft gequetscht wurden, kommt der Most direkt in die pneumatische Presse, wo er mit den Schalen und unter Zuhilfenahme von Trockeneis mazeriert wird, um Oxidation und unerw\u00fcnschte Vorg\u00e4rung zu verhindern, bis eine blassrosa Farbe erreicht ist.  Anschlie\u00dfend wird der Most in kleine G\u00e4rbeh\u00e4lter aus Edelstahl umgef\u00fcllt, wo er bei einer kontrollierten Temperatur von 16 \u00baC vergoren wird. Nach der G\u00e4rung wird der Wein in einen anderen Edelstahltank umgef\u00fcllt, wo er zwei Monate lang ruht, bevor er in Flaschen abgef\u00fcllt wird.\" \/>\n<meta property=\"og:url\" content=\"https:\/\/vinsripoll.com\/de\/product\/rosewein-ses-roques\/\" \/>\n<meta property=\"og:site_name\" content=\"Vins Ripoll\" \/>\n<meta property=\"article:modified_time\" content=\"2025-06-03T11:03:20+00:00\" \/>\n<meta property=\"og:image\" content=\"https:\/\/vinsripoll.com\/wp-content\/uploads\/2025\/05\/vino-rosado-ses-roques.jpg\" \/>\n\t<meta property=\"og:image:width\" content=\"1200\" \/>\n\t<meta property=\"og:image:height\" content=\"1200\" \/>\n\t<meta property=\"og:image:type\" content=\"image\/jpeg\" \/>\n<meta name=\"twitter:card\" content=\"summary_large_image\" \/>\n<meta name=\"twitter:label1\" content=\"Gesch\u00e4tzte Lesezeit\" \/>\n\t<meta name=\"twitter:data1\" content=\"1\u00a0Minute\" \/>\n<script type=\"application\/ld+json\" class=\"yoast-schema-graph\">{\"@context\":\"https:\/\/schema.org\",\"@graph\":[{\"@type\":\"WebPage\",\"@id\":\"https:\/\/vinsripoll.com\/de\/product\/rosewein-ses-roques\/\",\"url\":\"https:\/\/vinsripoll.com\/de\/product\/rosewein-ses-roques\/\",\"name\":\"Ros\u00e9wein - Vins Ripoll\",\"isPartOf\":{\"@id\":\"https:\/\/vinsripoll.com\/de\/#website\"},\"primaryImageOfPage\":{\"@id\":\"https:\/\/vinsripoll.com\/de\/product\/rosewein-ses-roques\/#primaryimage\"},\"image\":{\"@id\":\"https:\/\/vinsripoll.com\/de\/product\/rosewein-ses-roques\/#primaryimage\"},\"thumbnailUrl\":\"https:\/\/vinsripoll.com\/wp-content\/uploads\/2025\/05\/vino-rosado-ses-roques.jpg\",\"datePublished\":\"2020-05-12T08:13:31+00:00\",\"dateModified\":\"2025-06-03T11:03:20+00:00\",\"breadcrumb\":{\"@id\":\"https:\/\/vinsripoll.com\/de\/product\/rosewein-ses-roques\/#breadcrumb\"},\"inLanguage\":\"de\",\"potentialAction\":[{\"@type\":\"ReadAction\",\"target\":[\"https:\/\/vinsripoll.com\/de\/product\/rosewein-ses-roques\/\"]}]},{\"@type\":\"ImageObject\",\"inLanguage\":\"de\",\"@id\":\"https:\/\/vinsripoll.com\/de\/product\/rosewein-ses-roques\/#primaryimage\",\"url\":\"https:\/\/vinsripoll.com\/wp-content\/uploads\/2025\/05\/vino-rosado-ses-roques.jpg\",\"contentUrl\":\"https:\/\/vinsripoll.com\/wp-content\/uploads\/2025\/05\/vino-rosado-ses-roques.jpg\",\"width\":1200,\"height\":1200,\"caption\":\"Vino rosado Ses Roques\"},{\"@type\":\"BreadcrumbList\",\"@id\":\"https:\/\/vinsripoll.com\/de\/product\/rosewein-ses-roques\/#breadcrumb\",\"itemListElement\":[{\"@type\":\"ListItem\",\"position\":1,\"name\":\"Home\",\"item\":\"https:\/\/vinsripoll.com\/de\/inicio\/\"},{\"@type\":\"ListItem\",\"position\":2,\"name\":\"Produkte\",\"item\":\"https:\/\/vinsripoll.com\/de\/shop\/\"},{\"@type\":\"ListItem\",\"position\":3,\"name\":\"Ros\u00e9wein\"}]},{\"@type\":\"WebSite\",\"@id\":\"https:\/\/vinsripoll.com\/de\/#website\",\"url\":\"https:\/\/vinsripoll.com\/de\/\",\"name\":\"Vins Ripoll\",\"description\":\"Bodega\",\"publisher\":{\"@id\":\"https:\/\/vinsripoll.com\/de\/#organization\"},\"potentialAction\":[{\"@type\":\"SearchAction\",\"target\":{\"@type\":\"EntryPoint\",\"urlTemplate\":\"https:\/\/vinsripoll.com\/de\/?s={search_term_string}\"},\"query-input\":{\"@type\":\"PropertyValueSpecification\",\"valueRequired\":true,\"valueName\":\"search_term_string\"}}],\"inLanguage\":\"de\"},{\"@type\":\"Organization\",\"@id\":\"https:\/\/vinsripoll.com\/de\/#organization\",\"name\":\"Vins Ripoll\",\"url\":\"https:\/\/vinsripoll.com\/de\/\",\"logo\":{\"@type\":\"ImageObject\",\"inLanguage\":\"de\",\"@id\":\"https:\/\/vinsripoll.com\/de\/#\/schema\/logo\/image\/\",\"url\":\"https:\/\/vinsripoll.com\/wp-content\/uploads\/2025\/05\/logo-BN-BODEGAS-RIPOLL.png\",\"contentUrl\":\"https:\/\/vinsripoll.com\/wp-content\/uploads\/2025\/05\/logo-BN-BODEGAS-RIPOLL.png\",\"width\":1147,\"height\":819,\"caption\":\"Vins Ripoll\"},\"image\":{\"@id\":\"https:\/\/vinsripoll.com\/de\/#\/schema\/logo\/image\/\"}}]}<\/script>\n<!-- \/ Yoast SEO plugin. -->","yoast_head_json":{"title":"Ros\u00e9wein - Vins Ripoll","robots":{"index":"index","follow":"follow","max-snippet":"max-snippet:-1","max-image-preview":"max-image-preview:large","max-video-preview":"max-video-preview:-1"},"canonical":"https:\/\/vinsripoll.com\/de\/product\/rosewein-ses-roques\/","og_locale":"de_DE","og_type":"article","og_title":"Ros\u00e9wein - Vins Ripoll","og_description":"Ses Roques Ros\u00e9wein.  Die Herstellung von Ros\u00e9wein ist komplexer. Der Most wird sorgf\u00e4ltig gepresst, da der richtige Farbton innerhalb einer bestimmten Zeitspanne erreicht werden muss.  Nachdem die Trauben entrappt und sanft gequetscht wurden, kommt der Most direkt in die pneumatische Presse, wo er mit den Schalen und unter Zuhilfenahme von Trockeneis mazeriert wird, um Oxidation und unerw\u00fcnschte Vorg\u00e4rung zu verhindern, bis eine blassrosa Farbe erreicht ist.  Anschlie\u00dfend wird der Most in kleine G\u00e4rbeh\u00e4lter aus Edelstahl umgef\u00fcllt, wo er bei einer kontrollierten Temperatur von 16 \u00baC vergoren wird. Nach der G\u00e4rung wird der Wein in einen anderen Edelstahltank umgef\u00fcllt, wo er zwei Monate lang ruht, bevor er in Flaschen abgef\u00fcllt wird.","og_url":"https:\/\/vinsripoll.com\/de\/product\/rosewein-ses-roques\/","og_site_name":"Vins Ripoll","article_modified_time":"2025-06-03T11:03:20+00:00","og_image":[{"width":1200,"height":1200,"url":"https:\/\/vinsripoll.com\/wp-content\/uploads\/2025\/05\/vino-rosado-ses-roques.jpg","type":"image\/jpeg"}],"twitter_card":"summary_large_image","twitter_misc":{"Gesch\u00e4tzte Lesezeit":"1\u00a0Minute"},"schema":{"@context":"https:\/\/schema.org","@graph":[{"@type":"WebPage","@id":"https:\/\/vinsripoll.com\/de\/product\/rosewein-ses-roques\/","url":"https:\/\/vinsripoll.com\/de\/product\/rosewein-ses-roques\/","name":"Ros\u00e9wein - Vins Ripoll","isPartOf":{"@id":"https:\/\/vinsripoll.com\/de\/#website"},"primaryImageOfPage":{"@id":"https:\/\/vinsripoll.com\/de\/product\/rosewein-ses-roques\/#primaryimage"},"image":{"@id":"https:\/\/vinsripoll.com\/de\/product\/rosewein-ses-roques\/#primaryimage"},"thumbnailUrl":"https:\/\/vinsripoll.com\/wp-content\/uploads\/2025\/05\/vino-rosado-ses-roques.jpg","datePublished":"2020-05-12T08:13:31+00:00","dateModified":"2025-06-03T11:03:20+00:00","breadcrumb":{"@id":"https:\/\/vinsripoll.com\/de\/product\/rosewein-ses-roques\/#breadcrumb"},"inLanguage":"de","potentialAction":[{"@type":"ReadAction","target":["https:\/\/vinsripoll.com\/de\/product\/rosewein-ses-roques\/"]}]},{"@type":"ImageObject","inLanguage":"de","@id":"https:\/\/vinsripoll.com\/de\/product\/rosewein-ses-roques\/#primaryimage","url":"https:\/\/vinsripoll.com\/wp-content\/uploads\/2025\/05\/vino-rosado-ses-roques.jpg","contentUrl":"https:\/\/vinsripoll.com\/wp-content\/uploads\/2025\/05\/vino-rosado-ses-roques.jpg","width":1200,"height":1200,"caption":"Vino rosado Ses Roques"},{"@type":"BreadcrumbList","@id":"https:\/\/vinsripoll.com\/de\/product\/rosewein-ses-roques\/#breadcrumb","itemListElement":[{"@type":"ListItem","position":1,"name":"Home","item":"https:\/\/vinsripoll.com\/de\/inicio\/"},{"@type":"ListItem","position":2,"name":"Produkte","item":"https:\/\/vinsripoll.com\/de\/shop\/"},{"@type":"ListItem","position":3,"name":"Ros\u00e9wein"}]},{"@type":"WebSite","@id":"https:\/\/vinsripoll.com\/de\/#website","url":"https:\/\/vinsripoll.com\/de\/","name":"Vins Ripoll","description":"Bodega","publisher":{"@id":"https:\/\/vinsripoll.com\/de\/#organization"},"potentialAction":[{"@type":"SearchAction","target":{"@type":"EntryPoint","urlTemplate":"https:\/\/vinsripoll.com\/de\/?s={search_term_string}"},"query-input":{"@type":"PropertyValueSpecification","valueRequired":true,"valueName":"search_term_string"}}],"inLanguage":"de"},{"@type":"Organization","@id":"https:\/\/vinsripoll.com\/de\/#organization","name":"Vins Ripoll","url":"https:\/\/vinsripoll.com\/de\/","logo":{"@type":"ImageObject","inLanguage":"de","@id":"https:\/\/vinsripoll.com\/de\/#\/schema\/logo\/image\/","url":"https:\/\/vinsripoll.com\/wp-content\/uploads\/2025\/05\/logo-BN-BODEGAS-RIPOLL.png","contentUrl":"https:\/\/vinsripoll.com\/wp-content\/uploads\/2025\/05\/logo-BN-BODEGAS-RIPOLL.png","width":1147,"height":819,"caption":"Vins Ripoll"},"image":{"@id":"https:\/\/vinsripoll.com\/de\/#\/schema\/logo\/image\/"}}]}},"_links":{"self":[{"href":"https:\/\/vinsripoll.com\/de\/wp-json\/wp\/v2\/product\/21458","targetHints":{"allow":["GET"]}}],"collection":[{"href":"https:\/\/vinsripoll.com\/de\/wp-json\/wp\/v2\/product"}],"about":[{"href":"https:\/\/vinsripoll.com\/de\/wp-json\/wp\/v2\/types\/product"}],"replies":[{"embeddable":true,"href":"https:\/\/vinsripoll.com\/de\/wp-json\/wp\/v2\/comments?post=21458"}],"wp:featuredmedia":[{"embeddable":true,"href":"https:\/\/vinsripoll.com\/de\/wp-json\/wp\/v2\/media\/20953"}],"wp:attachment":[{"href":"https:\/\/vinsripoll.com\/de\/wp-json\/wp\/v2\/media?parent=21458"}],"wp:term":[{"taxonomy":"product_brand","embeddable":true,"href":"https:\/\/vinsripoll.com\/de\/wp-json\/wp\/v2\/product_brand?post=21458"},{"taxonomy":"product_cat","embeddable":true,"href":"https:\/\/vinsripoll.com\/de\/wp-json\/wp\/v2\/product_cat?post=21458"},{"taxonomy":"product_tag","embeddable":true,"href":"https:\/\/vinsripoll.com\/de\/wp-json\/wp\/v2\/product_tag?post=21458"}],"curies":[{"name":"wp","href":"https:\/\/api.w.org\/{rel}","templated":true}]}}