{"id":21457,"date":"2020-05-12T12:18:04","date_gmt":"2020-05-12T10:18:04","guid":{"rendered":"https:\/\/vinsripoll.com\/product\/vino-blanco\/"},"modified":"2025-06-03T13:02:09","modified_gmt":"2025-06-03T11:02:09","slug":"weisswein-ses-roques","status":"publish","type":"product","link":"https:\/\/vinsripoll.com\/de\/product\/weisswein-ses-roques\/","title":{"rendered":"Wei\u00dfwein"},"content":{"rendered":"<ul>\n<li>Jahrgang: 2023.<\/li>\n<li>Kontrollierte G\u00e4rung in Edelstahltanks.<\/li>\n<li>Herkunft: Castilla la Mancha.<\/li>\n<li>Reben: 25 Jahre alt an Spalieren.<\/li>\n<li>Bodenbeschaffenheit: Lehm-Lehm mit Tropfbew\u00e4sserung.<\/li>\n<\/ul>\n","protected":false},"excerpt":{"rendered":"<p>Ses Roques Wei\u00dfwein.<br \/>\nDie Herstellung des Wei\u00dfweins erfolgt in kleinen Edelstahltanks, mit sanfter Pressung, unter Verwendung von Trockeneis in der Presse und in den Tanks, vor dem Abstich und der anschlie\u00dfenden alkoholischen G\u00e4rung.<\/p>\n<p>Immer bei einer kontrollierten Temperatur von 18\u00baC. Nach Abschluss der G\u00e4rung wird der Wein etwa drei Monate lang auf der Feinhefe gelagert, bevor er in Flaschen abgef\u00fcllt wird.<\/p>\n","protected":false},"featured_media":20956,"comment_status":"closed","ping_status":"closed","template":"","meta":[],"product_brand":[],"product_cat":[227],"product_tag":[],"class_list":{"0":"post-21457","1":"product","2":"type-product","3":"status-publish","4":"has-post-thumbnail","6":"product_cat-white-wine-de","8":"first","9":"instock","10":"shipping-taxable","11":"product-type-simple"},"yoast_head":"<!-- This site is optimized with the Yoast SEO plugin v24.8.1 - https:\/\/yoast.com\/wordpress\/plugins\/seo\/ -->\n<title>Wei\u00dfwein - Vins Ripoll<\/title>\n<meta name=\"robots\" content=\"index, follow, max-snippet:-1, max-image-preview:large, max-video-preview:-1\" \/>\n<link rel=\"canonical\" href=\"https:\/\/vinsripoll.com\/de\/product\/weisswein-ses-roques\/\" \/>\n<meta property=\"og:locale\" content=\"de_DE\" \/>\n<meta property=\"og:type\" content=\"article\" \/>\n<meta property=\"og:title\" content=\"Wei\u00dfwein - Vins Ripoll\" \/>\n<meta property=\"og:description\" content=\"Ses Roques Wei\u00dfwein. Die Herstellung des Wei\u00dfweins erfolgt in kleinen Edelstahltanks, mit sanfter Pressung, unter Verwendung von Trockeneis in der Presse und in den Tanks, vor dem Abstich und der anschlie\u00dfenden alkoholischen G\u00e4rung.  Immer bei einer kontrollierten Temperatur von 18\u00baC. Nach Abschluss der G\u00e4rung wird der Wein etwa drei Monate lang auf der Feinhefe gelagert, bevor er in Flaschen abgef\u00fcllt wird.\" \/>\n<meta property=\"og:url\" content=\"https:\/\/vinsripoll.com\/de\/product\/weisswein-ses-roques\/\" \/>\n<meta property=\"og:site_name\" content=\"Vins Ripoll\" \/>\n<meta property=\"article:modified_time\" content=\"2025-06-03T11:02:09+00:00\" \/>\n<meta property=\"og:image\" content=\"https:\/\/vinsripoll.com\/wp-content\/uploads\/2025\/05\/vino-blanco-ses-roques.jpg\" \/>\n\t<meta property=\"og:image:width\" content=\"1200\" \/>\n\t<meta property=\"og:image:height\" content=\"1200\" \/>\n\t<meta property=\"og:image:type\" content=\"image\/jpeg\" \/>\n<meta name=\"twitter:card\" content=\"summary_large_image\" \/>\n<meta name=\"twitter:label1\" content=\"Gesch\u00e4tzte Lesezeit\" \/>\n\t<meta name=\"twitter:data1\" content=\"1\u00a0Minute\" \/>\n<script type=\"application\/ld+json\" class=\"yoast-schema-graph\">{\"@context\":\"https:\/\/schema.org\",\"@graph\":[{\"@type\":\"WebPage\",\"@id\":\"https:\/\/vinsripoll.com\/de\/product\/weisswein-ses-roques\/\",\"url\":\"https:\/\/vinsripoll.com\/de\/product\/weisswein-ses-roques\/\",\"name\":\"Wei\u00dfwein - Vins Ripoll\",\"isPartOf\":{\"@id\":\"https:\/\/vinsripoll.com\/de\/#website\"},\"primaryImageOfPage\":{\"@id\":\"https:\/\/vinsripoll.com\/de\/product\/weisswein-ses-roques\/#primaryimage\"},\"image\":{\"@id\":\"https:\/\/vinsripoll.com\/de\/product\/weisswein-ses-roques\/#primaryimage\"},\"thumbnailUrl\":\"https:\/\/vinsripoll.com\/wp-content\/uploads\/2025\/05\/vino-blanco-ses-roques.jpg\",\"datePublished\":\"2020-05-12T10:18:04+00:00\",\"dateModified\":\"2025-06-03T11:02:09+00:00\",\"breadcrumb\":{\"@id\":\"https:\/\/vinsripoll.com\/de\/product\/weisswein-ses-roques\/#breadcrumb\"},\"inLanguage\":\"de\",\"potentialAction\":[{\"@type\":\"ReadAction\",\"target\":[\"https:\/\/vinsripoll.com\/de\/product\/weisswein-ses-roques\/\"]}]},{\"@type\":\"ImageObject\",\"inLanguage\":\"de\",\"@id\":\"https:\/\/vinsripoll.com\/de\/product\/weisswein-ses-roques\/#primaryimage\",\"url\":\"https:\/\/vinsripoll.com\/wp-content\/uploads\/2025\/05\/vino-blanco-ses-roques.jpg\",\"contentUrl\":\"https:\/\/vinsripoll.com\/wp-content\/uploads\/2025\/05\/vino-blanco-ses-roques.jpg\",\"width\":1200,\"height\":1200,\"caption\":\"Vino blanco Ses Roques\"},{\"@type\":\"BreadcrumbList\",\"@id\":\"https:\/\/vinsripoll.com\/de\/product\/weisswein-ses-roques\/#breadcrumb\",\"itemListElement\":[{\"@type\":\"ListItem\",\"position\":1,\"name\":\"Home\",\"item\":\"https:\/\/vinsripoll.com\/de\/inicio\/\"},{\"@type\":\"ListItem\",\"position\":2,\"name\":\"Produkte\",\"item\":\"https:\/\/vinsripoll.com\/de\/shop\/\"},{\"@type\":\"ListItem\",\"position\":3,\"name\":\"Wei\u00dfwein\"}]},{\"@type\":\"WebSite\",\"@id\":\"https:\/\/vinsripoll.com\/de\/#website\",\"url\":\"https:\/\/vinsripoll.com\/de\/\",\"name\":\"Vins Ripoll\",\"description\":\"Bodega\",\"publisher\":{\"@id\":\"https:\/\/vinsripoll.com\/de\/#organization\"},\"potentialAction\":[{\"@type\":\"SearchAction\",\"target\":{\"@type\":\"EntryPoint\",\"urlTemplate\":\"https:\/\/vinsripoll.com\/de\/?s={search_term_string}\"},\"query-input\":{\"@type\":\"PropertyValueSpecification\",\"valueRequired\":true,\"valueName\":\"search_term_string\"}}],\"inLanguage\":\"de\"},{\"@type\":\"Organization\",\"@id\":\"https:\/\/vinsripoll.com\/de\/#organization\",\"name\":\"Vins Ripoll\",\"url\":\"https:\/\/vinsripoll.com\/de\/\",\"logo\":{\"@type\":\"ImageObject\",\"inLanguage\":\"de\",\"@id\":\"https:\/\/vinsripoll.com\/de\/#\/schema\/logo\/image\/\",\"url\":\"https:\/\/vinsripoll.com\/wp-content\/uploads\/2025\/05\/logo-BN-BODEGAS-RIPOLL.png\",\"contentUrl\":\"https:\/\/vinsripoll.com\/wp-content\/uploads\/2025\/05\/logo-BN-BODEGAS-RIPOLL.png\",\"width\":1147,\"height\":819,\"caption\":\"Vins Ripoll\"},\"image\":{\"@id\":\"https:\/\/vinsripoll.com\/de\/#\/schema\/logo\/image\/\"}}]}<\/script>\n<!-- \/ Yoast SEO plugin. -->","yoast_head_json":{"title":"Wei\u00dfwein - Vins Ripoll","robots":{"index":"index","follow":"follow","max-snippet":"max-snippet:-1","max-image-preview":"max-image-preview:large","max-video-preview":"max-video-preview:-1"},"canonical":"https:\/\/vinsripoll.com\/de\/product\/weisswein-ses-roques\/","og_locale":"de_DE","og_type":"article","og_title":"Wei\u00dfwein - Vins Ripoll","og_description":"Ses Roques Wei\u00dfwein. Die Herstellung des Wei\u00dfweins erfolgt in kleinen Edelstahltanks, mit sanfter Pressung, unter Verwendung von Trockeneis in der Presse und in den Tanks, vor dem Abstich und der anschlie\u00dfenden alkoholischen G\u00e4rung.  Immer bei einer kontrollierten Temperatur von 18\u00baC. Nach Abschluss der G\u00e4rung wird der Wein etwa drei Monate lang auf der Feinhefe gelagert, bevor er in Flaschen abgef\u00fcllt wird.","og_url":"https:\/\/vinsripoll.com\/de\/product\/weisswein-ses-roques\/","og_site_name":"Vins Ripoll","article_modified_time":"2025-06-03T11:02:09+00:00","og_image":[{"width":1200,"height":1200,"url":"https:\/\/vinsripoll.com\/wp-content\/uploads\/2025\/05\/vino-blanco-ses-roques.jpg","type":"image\/jpeg"}],"twitter_card":"summary_large_image","twitter_misc":{"Gesch\u00e4tzte Lesezeit":"1\u00a0Minute"},"schema":{"@context":"https:\/\/schema.org","@graph":[{"@type":"WebPage","@id":"https:\/\/vinsripoll.com\/de\/product\/weisswein-ses-roques\/","url":"https:\/\/vinsripoll.com\/de\/product\/weisswein-ses-roques\/","name":"Wei\u00dfwein - Vins Ripoll","isPartOf":{"@id":"https:\/\/vinsripoll.com\/de\/#website"},"primaryImageOfPage":{"@id":"https:\/\/vinsripoll.com\/de\/product\/weisswein-ses-roques\/#primaryimage"},"image":{"@id":"https:\/\/vinsripoll.com\/de\/product\/weisswein-ses-roques\/#primaryimage"},"thumbnailUrl":"https:\/\/vinsripoll.com\/wp-content\/uploads\/2025\/05\/vino-blanco-ses-roques.jpg","datePublished":"2020-05-12T10:18:04+00:00","dateModified":"2025-06-03T11:02:09+00:00","breadcrumb":{"@id":"https:\/\/vinsripoll.com\/de\/product\/weisswein-ses-roques\/#breadcrumb"},"inLanguage":"de","potentialAction":[{"@type":"ReadAction","target":["https:\/\/vinsripoll.com\/de\/product\/weisswein-ses-roques\/"]}]},{"@type":"ImageObject","inLanguage":"de","@id":"https:\/\/vinsripoll.com\/de\/product\/weisswein-ses-roques\/#primaryimage","url":"https:\/\/vinsripoll.com\/wp-content\/uploads\/2025\/05\/vino-blanco-ses-roques.jpg","contentUrl":"https:\/\/vinsripoll.com\/wp-content\/uploads\/2025\/05\/vino-blanco-ses-roques.jpg","width":1200,"height":1200,"caption":"Vino blanco Ses Roques"},{"@type":"BreadcrumbList","@id":"https:\/\/vinsripoll.com\/de\/product\/weisswein-ses-roques\/#breadcrumb","itemListElement":[{"@type":"ListItem","position":1,"name":"Home","item":"https:\/\/vinsripoll.com\/de\/inicio\/"},{"@type":"ListItem","position":2,"name":"Produkte","item":"https:\/\/vinsripoll.com\/de\/shop\/"},{"@type":"ListItem","position":3,"name":"Wei\u00dfwein"}]},{"@type":"WebSite","@id":"https:\/\/vinsripoll.com\/de\/#website","url":"https:\/\/vinsripoll.com\/de\/","name":"Vins Ripoll","description":"Bodega","publisher":{"@id":"https:\/\/vinsripoll.com\/de\/#organization"},"potentialAction":[{"@type":"SearchAction","target":{"@type":"EntryPoint","urlTemplate":"https:\/\/vinsripoll.com\/de\/?s={search_term_string}"},"query-input":{"@type":"PropertyValueSpecification","valueRequired":true,"valueName":"search_term_string"}}],"inLanguage":"de"},{"@type":"Organization","@id":"https:\/\/vinsripoll.com\/de\/#organization","name":"Vins Ripoll","url":"https:\/\/vinsripoll.com\/de\/","logo":{"@type":"ImageObject","inLanguage":"de","@id":"https:\/\/vinsripoll.com\/de\/#\/schema\/logo\/image\/","url":"https:\/\/vinsripoll.com\/wp-content\/uploads\/2025\/05\/logo-BN-BODEGAS-RIPOLL.png","contentUrl":"https:\/\/vinsripoll.com\/wp-content\/uploads\/2025\/05\/logo-BN-BODEGAS-RIPOLL.png","width":1147,"height":819,"caption":"Vins Ripoll"},"image":{"@id":"https:\/\/vinsripoll.com\/de\/#\/schema\/logo\/image\/"}}]}},"_links":{"self":[{"href":"https:\/\/vinsripoll.com\/de\/wp-json\/wp\/v2\/product\/21457","targetHints":{"allow":["GET"]}}],"collection":[{"href":"https:\/\/vinsripoll.com\/de\/wp-json\/wp\/v2\/product"}],"about":[{"href":"https:\/\/vinsripoll.com\/de\/wp-json\/wp\/v2\/types\/product"}],"replies":[{"embeddable":true,"href":"https:\/\/vinsripoll.com\/de\/wp-json\/wp\/v2\/comments?post=21457"}],"wp:featuredmedia":[{"embeddable":true,"href":"https:\/\/vinsripoll.com\/de\/wp-json\/wp\/v2\/media\/20956"}],"wp:attachment":[{"href":"https:\/\/vinsripoll.com\/de\/wp-json\/wp\/v2\/media?parent=21457"}],"wp:term":[{"taxonomy":"product_brand","embeddable":true,"href":"https:\/\/vinsripoll.com\/de\/wp-json\/wp\/v2\/product_brand?post=21457"},{"taxonomy":"product_cat","embeddable":true,"href":"https:\/\/vinsripoll.com\/de\/wp-json\/wp\/v2\/product_cat?post=21457"},{"taxonomy":"product_tag","embeddable":true,"href":"https:\/\/vinsripoll.com\/de\/wp-json\/wp\/v2\/product_tag?post=21457"}],"curies":[{"name":"wp","href":"https:\/\/api.w.org\/{rel}","templated":true}]}}