{"id":21455,"date":"2020-05-12T12:21:00","date_gmt":"2020-05-12T10:21:00","guid":{"rendered":"https:\/\/vinsripoll.com\/product\/vino-tinto-ses-roques\/"},"modified":"2025-06-03T13:01:15","modified_gmt":"2025-06-03T11:01:15","slug":"rotwein-ses-roques","status":"publish","type":"product","link":"https:\/\/vinsripoll.com\/de\/product\/rotwein-ses-roques\/","title":{"rendered":"Rotwein"},"content":{"rendered":"<ul>\n<li>Jahrgang: 2023.<\/li>\n<li>Kontrollierte G\u00e4rung in Zementtanks.<\/li>\n<li>Herkunft: Kastilien-La Mancha.<\/li>\n<li>Reben: zwischen 20-50 Jahre alt, sowohl Buschreben als auch Spalierreben.<\/li>\n<li>Bodenbeschaffenheit: Lehm-Lehm-B\u00f6den in Trockengebieten.<\/li>\n<\/ul>\n","protected":false},"excerpt":{"rendered":"<p>Ses Roques Rotwein.<br \/>\nDer Rotwein wird in kleinen Betontanks unter perfekten hygienischen Bedingungen bei einer durch K\u00e4lte kontrollierten Temperatur hergestellt. Die Mazeration dauert je nach Traubensorte zwischen 20 und 40 Tagen.<\/p>\n<p>Nach Beendigung der alkoholischen G\u00e4rung werden die Schalen f\u00fcr kurze Zeit sehr sanft gepresst (bei 1,5 Atmosph\u00e4ren), so dass die Ausbeute immer gering ist, um Weine zu erhalten, die weich am Gaumen sind.<\/p>\n<p>Die Reifung dauert in der Regel 6 bis 9 Monate in 500-Liter-F\u00e4ssern aus franz\u00f6sischer Eiche.<\/p>\n<p>Nach der Reifung wird der Wein in Flaschen abgef\u00fcllt.<\/p>\n","protected":false},"featured_media":20950,"comment_status":"closed","ping_status":"closed","template":"","meta":[],"product_brand":[],"product_cat":[225],"product_tag":[],"class_list":{"0":"post-21455","1":"product","2":"type-product","3":"status-publish","4":"has-post-thumbnail","6":"product_cat-red-wine-de","8":"first","9":"instock","10":"shipping-taxable","11":"product-type-simple"},"yoast_head":"<!-- This site is optimized with the Yoast SEO plugin v24.8.1 - https:\/\/yoast.com\/wordpress\/plugins\/seo\/ -->\n<title>Rotwein - Vins Ripoll<\/title>\n<meta name=\"robots\" content=\"index, follow, max-snippet:-1, max-image-preview:large, max-video-preview:-1\" \/>\n<link rel=\"canonical\" href=\"https:\/\/vinsripoll.com\/de\/product\/rotwein-ses-roques\/\" \/>\n<meta property=\"og:locale\" content=\"de_DE\" \/>\n<meta property=\"og:type\" content=\"article\" \/>\n<meta property=\"og:title\" content=\"Rotwein - Vins Ripoll\" \/>\n<meta property=\"og:description\" content=\"Ses Roques Rotwein. Der Rotwein wird in kleinen Betontanks unter perfekten hygienischen Bedingungen bei einer durch K\u00e4lte kontrollierten Temperatur hergestellt. Die Mazeration dauert je nach Traubensorte zwischen 20 und 40 Tagen.  Nach Beendigung der alkoholischen G\u00e4rung werden die Schalen f\u00fcr kurze Zeit sehr sanft gepresst (bei 1,5 Atmosph\u00e4ren), so dass die Ausbeute immer gering ist, um Weine zu erhalten, die weich am Gaumen sind.  Die Reifung dauert in der Regel 6 bis 9 Monate in 500-Liter-F\u00e4ssern aus franz\u00f6sischer Eiche.  Nach der Reifung wird der Wein in Flaschen abgef\u00fcllt.\" \/>\n<meta property=\"og:url\" content=\"https:\/\/vinsripoll.com\/de\/product\/rotwein-ses-roques\/\" \/>\n<meta property=\"og:site_name\" content=\"Vins Ripoll\" \/>\n<meta property=\"article:modified_time\" content=\"2025-06-03T11:01:15+00:00\" \/>\n<meta property=\"og:image\" content=\"https:\/\/vinsripoll.com\/wp-content\/uploads\/2025\/05\/vino-tinto-ses-roques.jpg\" \/>\n\t<meta property=\"og:image:width\" content=\"1200\" \/>\n\t<meta property=\"og:image:height\" content=\"1200\" \/>\n\t<meta property=\"og:image:type\" content=\"image\/jpeg\" \/>\n<meta name=\"twitter:card\" content=\"summary_large_image\" \/>\n<meta name=\"twitter:label1\" content=\"Gesch\u00e4tzte Lesezeit\" \/>\n\t<meta name=\"twitter:data1\" content=\"1\u00a0Minute\" \/>\n<script type=\"application\/ld+json\" class=\"yoast-schema-graph\">{\"@context\":\"https:\/\/schema.org\",\"@graph\":[{\"@type\":\"WebPage\",\"@id\":\"https:\/\/vinsripoll.com\/de\/product\/rotwein-ses-roques\/\",\"url\":\"https:\/\/vinsripoll.com\/de\/product\/rotwein-ses-roques\/\",\"name\":\"Rotwein - Vins Ripoll\",\"isPartOf\":{\"@id\":\"https:\/\/vinsripoll.com\/de\/#website\"},\"primaryImageOfPage\":{\"@id\":\"https:\/\/vinsripoll.com\/de\/product\/rotwein-ses-roques\/#primaryimage\"},\"image\":{\"@id\":\"https:\/\/vinsripoll.com\/de\/product\/rotwein-ses-roques\/#primaryimage\"},\"thumbnailUrl\":\"https:\/\/vinsripoll.com\/wp-content\/uploads\/2025\/05\/vino-tinto-ses-roques.jpg\",\"datePublished\":\"2020-05-12T10:21:00+00:00\",\"dateModified\":\"2025-06-03T11:01:15+00:00\",\"breadcrumb\":{\"@id\":\"https:\/\/vinsripoll.com\/de\/product\/rotwein-ses-roques\/#breadcrumb\"},\"inLanguage\":\"de\",\"potentialAction\":[{\"@type\":\"ReadAction\",\"target\":[\"https:\/\/vinsripoll.com\/de\/product\/rotwein-ses-roques\/\"]}]},{\"@type\":\"ImageObject\",\"inLanguage\":\"de\",\"@id\":\"https:\/\/vinsripoll.com\/de\/product\/rotwein-ses-roques\/#primaryimage\",\"url\":\"https:\/\/vinsripoll.com\/wp-content\/uploads\/2025\/05\/vino-tinto-ses-roques.jpg\",\"contentUrl\":\"https:\/\/vinsripoll.com\/wp-content\/uploads\/2025\/05\/vino-tinto-ses-roques.jpg\",\"width\":1200,\"height\":1200,\"caption\":\"Vino tinto Ses Roques\"},{\"@type\":\"BreadcrumbList\",\"@id\":\"https:\/\/vinsripoll.com\/de\/product\/rotwein-ses-roques\/#breadcrumb\",\"itemListElement\":[{\"@type\":\"ListItem\",\"position\":1,\"name\":\"Home\",\"item\":\"https:\/\/vinsripoll.com\/de\/inicio\/\"},{\"@type\":\"ListItem\",\"position\":2,\"name\":\"Produkte\",\"item\":\"https:\/\/vinsripoll.com\/de\/shop\/\"},{\"@type\":\"ListItem\",\"position\":3,\"name\":\"Rotwein\"}]},{\"@type\":\"WebSite\",\"@id\":\"https:\/\/vinsripoll.com\/de\/#website\",\"url\":\"https:\/\/vinsripoll.com\/de\/\",\"name\":\"Vins Ripoll\",\"description\":\"Bodega\",\"publisher\":{\"@id\":\"https:\/\/vinsripoll.com\/de\/#organization\"},\"potentialAction\":[{\"@type\":\"SearchAction\",\"target\":{\"@type\":\"EntryPoint\",\"urlTemplate\":\"https:\/\/vinsripoll.com\/de\/?s={search_term_string}\"},\"query-input\":{\"@type\":\"PropertyValueSpecification\",\"valueRequired\":true,\"valueName\":\"search_term_string\"}}],\"inLanguage\":\"de\"},{\"@type\":\"Organization\",\"@id\":\"https:\/\/vinsripoll.com\/de\/#organization\",\"name\":\"Vins Ripoll\",\"url\":\"https:\/\/vinsripoll.com\/de\/\",\"logo\":{\"@type\":\"ImageObject\",\"inLanguage\":\"de\",\"@id\":\"https:\/\/vinsripoll.com\/de\/#\/schema\/logo\/image\/\",\"url\":\"https:\/\/vinsripoll.com\/wp-content\/uploads\/2025\/05\/logo-BN-BODEGAS-RIPOLL.png\",\"contentUrl\":\"https:\/\/vinsripoll.com\/wp-content\/uploads\/2025\/05\/logo-BN-BODEGAS-RIPOLL.png\",\"width\":1147,\"height\":819,\"caption\":\"Vins Ripoll\"},\"image\":{\"@id\":\"https:\/\/vinsripoll.com\/de\/#\/schema\/logo\/image\/\"}}]}<\/script>\n<!-- \/ Yoast SEO plugin. -->","yoast_head_json":{"title":"Rotwein - Vins Ripoll","robots":{"index":"index","follow":"follow","max-snippet":"max-snippet:-1","max-image-preview":"max-image-preview:large","max-video-preview":"max-video-preview:-1"},"canonical":"https:\/\/vinsripoll.com\/de\/product\/rotwein-ses-roques\/","og_locale":"de_DE","og_type":"article","og_title":"Rotwein - Vins Ripoll","og_description":"Ses Roques Rotwein. Der Rotwein wird in kleinen Betontanks unter perfekten hygienischen Bedingungen bei einer durch K\u00e4lte kontrollierten Temperatur hergestellt. Die Mazeration dauert je nach Traubensorte zwischen 20 und 40 Tagen.  Nach Beendigung der alkoholischen G\u00e4rung werden die Schalen f\u00fcr kurze Zeit sehr sanft gepresst (bei 1,5 Atmosph\u00e4ren), so dass die Ausbeute immer gering ist, um Weine zu erhalten, die weich am Gaumen sind.  Die Reifung dauert in der Regel 6 bis 9 Monate in 500-Liter-F\u00e4ssern aus franz\u00f6sischer Eiche.  Nach der Reifung wird der Wein in Flaschen abgef\u00fcllt.","og_url":"https:\/\/vinsripoll.com\/de\/product\/rotwein-ses-roques\/","og_site_name":"Vins Ripoll","article_modified_time":"2025-06-03T11:01:15+00:00","og_image":[{"width":1200,"height":1200,"url":"https:\/\/vinsripoll.com\/wp-content\/uploads\/2025\/05\/vino-tinto-ses-roques.jpg","type":"image\/jpeg"}],"twitter_card":"summary_large_image","twitter_misc":{"Gesch\u00e4tzte Lesezeit":"1\u00a0Minute"},"schema":{"@context":"https:\/\/schema.org","@graph":[{"@type":"WebPage","@id":"https:\/\/vinsripoll.com\/de\/product\/rotwein-ses-roques\/","url":"https:\/\/vinsripoll.com\/de\/product\/rotwein-ses-roques\/","name":"Rotwein - Vins Ripoll","isPartOf":{"@id":"https:\/\/vinsripoll.com\/de\/#website"},"primaryImageOfPage":{"@id":"https:\/\/vinsripoll.com\/de\/product\/rotwein-ses-roques\/#primaryimage"},"image":{"@id":"https:\/\/vinsripoll.com\/de\/product\/rotwein-ses-roques\/#primaryimage"},"thumbnailUrl":"https:\/\/vinsripoll.com\/wp-content\/uploads\/2025\/05\/vino-tinto-ses-roques.jpg","datePublished":"2020-05-12T10:21:00+00:00","dateModified":"2025-06-03T11:01:15+00:00","breadcrumb":{"@id":"https:\/\/vinsripoll.com\/de\/product\/rotwein-ses-roques\/#breadcrumb"},"inLanguage":"de","potentialAction":[{"@type":"ReadAction","target":["https:\/\/vinsripoll.com\/de\/product\/rotwein-ses-roques\/"]}]},{"@type":"ImageObject","inLanguage":"de","@id":"https:\/\/vinsripoll.com\/de\/product\/rotwein-ses-roques\/#primaryimage","url":"https:\/\/vinsripoll.com\/wp-content\/uploads\/2025\/05\/vino-tinto-ses-roques.jpg","contentUrl":"https:\/\/vinsripoll.com\/wp-content\/uploads\/2025\/05\/vino-tinto-ses-roques.jpg","width":1200,"height":1200,"caption":"Vino tinto Ses Roques"},{"@type":"BreadcrumbList","@id":"https:\/\/vinsripoll.com\/de\/product\/rotwein-ses-roques\/#breadcrumb","itemListElement":[{"@type":"ListItem","position":1,"name":"Home","item":"https:\/\/vinsripoll.com\/de\/inicio\/"},{"@type":"ListItem","position":2,"name":"Produkte","item":"https:\/\/vinsripoll.com\/de\/shop\/"},{"@type":"ListItem","position":3,"name":"Rotwein"}]},{"@type":"WebSite","@id":"https:\/\/vinsripoll.com\/de\/#website","url":"https:\/\/vinsripoll.com\/de\/","name":"Vins Ripoll","description":"Bodega","publisher":{"@id":"https:\/\/vinsripoll.com\/de\/#organization"},"potentialAction":[{"@type":"SearchAction","target":{"@type":"EntryPoint","urlTemplate":"https:\/\/vinsripoll.com\/de\/?s={search_term_string}"},"query-input":{"@type":"PropertyValueSpecification","valueRequired":true,"valueName":"search_term_string"}}],"inLanguage":"de"},{"@type":"Organization","@id":"https:\/\/vinsripoll.com\/de\/#organization","name":"Vins Ripoll","url":"https:\/\/vinsripoll.com\/de\/","logo":{"@type":"ImageObject","inLanguage":"de","@id":"https:\/\/vinsripoll.com\/de\/#\/schema\/logo\/image\/","url":"https:\/\/vinsripoll.com\/wp-content\/uploads\/2025\/05\/logo-BN-BODEGAS-RIPOLL.png","contentUrl":"https:\/\/vinsripoll.com\/wp-content\/uploads\/2025\/05\/logo-BN-BODEGAS-RIPOLL.png","width":1147,"height":819,"caption":"Vins Ripoll"},"image":{"@id":"https:\/\/vinsripoll.com\/de\/#\/schema\/logo\/image\/"}}]}},"_links":{"self":[{"href":"https:\/\/vinsripoll.com\/de\/wp-json\/wp\/v2\/product\/21455","targetHints":{"allow":["GET"]}}],"collection":[{"href":"https:\/\/vinsripoll.com\/de\/wp-json\/wp\/v2\/product"}],"about":[{"href":"https:\/\/vinsripoll.com\/de\/wp-json\/wp\/v2\/types\/product"}],"replies":[{"embeddable":true,"href":"https:\/\/vinsripoll.com\/de\/wp-json\/wp\/v2\/comments?post=21455"}],"wp:featuredmedia":[{"embeddable":true,"href":"https:\/\/vinsripoll.com\/de\/wp-json\/wp\/v2\/media\/20950"}],"wp:attachment":[{"href":"https:\/\/vinsripoll.com\/de\/wp-json\/wp\/v2\/media?parent=21455"}],"wp:term":[{"taxonomy":"product_brand","embeddable":true,"href":"https:\/\/vinsripoll.com\/de\/wp-json\/wp\/v2\/product_brand?post=21455"},{"taxonomy":"product_cat","embeddable":true,"href":"https:\/\/vinsripoll.com\/de\/wp-json\/wp\/v2\/product_cat?post=21455"},{"taxonomy":"product_tag","embeddable":true,"href":"https:\/\/vinsripoll.com\/de\/wp-json\/wp\/v2\/product_tag?post=21455"}],"curies":[{"name":"wp","href":"https:\/\/api.w.org\/{rel}","templated":true}]}}