{"id":21428,"date":"2025-06-02T15:29:37","date_gmt":"2025-06-02T13:29:37","guid":{"rendered":"https:\/\/vinsripoll.com\/politica-de-privacidad\/"},"modified":"2025-06-05T12:04:49","modified_gmt":"2025-06-05T10:04:49","slug":"datenschutzbestimmungen","status":"publish","type":"page","link":"https:\/\/vinsripoll.com\/de\/datenschutzbestimmungen\/","title":{"rendered":"Datenschutzbestimmungen"},"content":{"rendered":"\t\t<div data-elementor-type=\"wp-page\" data-elementor-id=\"21428\" class=\"elementor elementor-21428 elementor-21117\">\n\t\t\t\t\t\t<section class=\"elementor-section elementor-top-section elementor-element elementor-element-e768ed1 elementor-section-boxed elementor-section-height-default elementor-section-height-default sc_fly_static\" data-id=\"e768ed1\" data-element_type=\"section\" data-settings=\"{&quot;background_background&quot;:&quot;classic&quot;}\">\n\t\t\t\t\t\t<div class=\"elementor-container elementor-column-gap-extended\">\n\t\t\t\t\t<div class=\"elementor-column elementor-col-100 elementor-top-column elementor-element elementor-element-32b04b2 sc_content_align_inherit sc_layouts_column_icons_position_left sc_fly_static\" data-id=\"32b04b2\" data-element_type=\"column\">\n\t\t\t<div class=\"elementor-widget-wrap elementor-element-populated\">\n\t\t\t\t\t\t<div class=\"elementor-element elementor-element-e5976a6 sc_fly_static elementor-widget elementor-widget-trx_sc_title\" data-id=\"e5976a6\" data-element_type=\"widget\" data-widget_type=\"trx_sc_title.default\">\n\t\t\t\t<div class=\"elementor-widget-container\">\n\t\t\t\t\t<div\t\tclass=\"sc_title sc_title_default\" ><h2 class=\"sc_item_title sc_title_title sc_align_center sc_item_title_style_default sc_item_title_tag\"\n\t\t\t><span class=\"sc_item_title_text\">Datenschutzbestimmungen<\/span><\/h2><\/div>\t\t\t\t<\/div>\n\t\t\t\t<\/div>\n\t\t\t\t<div class=\"elementor-element elementor-element-e373246 sc_fly_static elementor-widget elementor-widget-spacer\" data-id=\"e373246\" data-element_type=\"widget\" data-widget_type=\"spacer.default\">\n\t\t\t\t<div class=\"elementor-widget-container\">\n\t\t\t\t\t\t\t<div class=\"elementor-spacer\">\n\t\t\t<div class=\"elementor-spacer-inner\"><\/div>\n\t\t<\/div>\n\t\t\t\t\t\t<\/div>\n\t\t\t\t<\/div>\n\t\t\t\t\t<\/div>\n\t\t<\/div>\n\t\t\t\t\t<\/div>\n\t\t<\/section>\n\t\t\t\t<section class=\"elementor-section elementor-top-section elementor-element elementor-element-6e8e2cf5 elementor-section-boxed elementor-section-height-default elementor-section-height-default sc_fly_static\" data-id=\"6e8e2cf5\" data-element_type=\"section\">\n\t\t\t\t\t\t<div class=\"elementor-container elementor-column-gap-extended\">\n\t\t\t\t\t<div class=\"elementor-column elementor-col-100 elementor-top-column elementor-element elementor-element-217a69c8 sc_content_align_inherit sc_layouts_column_icons_position_left sc_fly_static\" data-id=\"217a69c8\" data-element_type=\"column\">\n\t\t\t<div class=\"elementor-widget-wrap elementor-element-populated\">\n\t\t\t\t\t\t<div class=\"elementor-element elementor-element-2e7e71f1 sc_fly_static elementor-widget elementor-widget-text-editor\" data-id=\"2e7e71f1\" data-element_type=\"widget\" data-widget_type=\"text-editor.default\">\n\t\t\t\t<div class=\"elementor-widget-container\">\n\t\t\t\t\t\t\t\t\t<div class=\"p-rich_text_section\"><span style=\"color: #000000;\"><b data-stringify-type=\"bold\">Daten des Verantwortlichen f\u00fcr die Verarbeitung<\/b><\/span><\/div>\n<ul class=\"p-rich_text_list p-rich_text_list__bullet p-rich_text_list--nested\" data-stringify-type=\"unordered-list\" data-list-tree=\"true\" data-indent=\"0\" data-border=\"0\">\n \t<li data-stringify-indent=\"0\" data-stringify-border=\"0\"><b data-stringify-type=\"bold\">Verantwortlicher:<\/b> Vins Ripoll<\/li>\n \t<li data-stringify-indent=\"0\" data-stringify-border=\"0\"><b data-stringify-type=\"bold\">Steuernummer:<\/b> B07162464<\/li>\n \t<li data-stringify-indent=\"0\" data-stringify-border=\"0\"><b data-stringify-type=\"bold\">Anschrift:<\/b> C\/ Pere Estruch, 27, 07350 Binissalem, Illes Balears, Spanien<\/li>\n \t<li data-stringify-indent=\"0\" data-stringify-border=\"0\"><b data-stringify-type=\"bold\">Telefon:<\/b> 629 709 915<\/li>\n \t<li data-stringify-indent=\"0\" data-stringify-border=\"0\"><b data-stringify-type=\"bold\">E-Mail:<\/b> <a class=\"c-link\" href=\"mailto:guaspantonia@yahoo.es\" target=\"_blank\" rel=\"noopener noreferrer\" data-stringify-link=\"mailto:guaspantonia@yahoo.es\" data-sk=\"tooltip_parent\" aria-haspopup=\"menu\">guaspantonia@yahoo.es<\/a><\/li>\n<\/ul>\n<div class=\"p-rich_text_section\">\n\n<span style=\"color: #000000;\"><b data-stringify-type=\"bold\">Anwendbare Vorschriften<\/b><\/span>\nDiese Datenschutzrichtlinie ist an die Verordnung (EU) 2016\/679 (Datenschutz-Grundverordnung &#8211; DSGVO), das spanische Gesetz 3\/2018 \u00fcber den Schutz personenbezogener Daten und die Gew\u00e4hrleistung digitaler Rechte sowie das Gesetz 34\/2002 \u00fcber Dienste der Informationsgesellschaft und des elektronischen Gesch\u00e4ftsverkehrs angepasst.\n\n<span style=\"color: #000000;\"><b data-stringify-type=\"bold\">Zweck der Verarbeitung<\/b><\/span>\nDie \u00fcber diese Website erhobenen personenbezogenen Daten werden zu folgenden Zwecken verarbeitet:\n\n<\/div>\n<ul class=\"p-rich_text_list p-rich_text_list__bullet p-rich_text_list--nested\" data-stringify-type=\"unordered-list\" data-list-tree=\"true\" data-indent=\"0\" data-border=\"0\">\n \t<li data-stringify-indent=\"0\" data-stringify-border=\"0\">Bearbeitung von Kontaktanfragen, Informationsanfragen oder \u00fcber die Website eingereichte Anfragen.<\/li>\n \t<li data-stringify-indent=\"0\" data-stringify-border=\"0\">Aufrechterhaltung der gesch\u00e4ftlichen und\/oder vertraglichen Beziehung mit Kunden und Nutzern.<\/li>\n \t<li data-stringify-indent=\"0\" data-stringify-border=\"0\">Versand von Informations- oder Werbemitteilungen, sofern der Nutzer ausdr\u00fccklich zustimmt.<\/li>\n<\/ul>\n<div class=\"p-rich_text_section\"><span style=\"color: #000000;\"><b data-stringify-type=\"bold\">Rechtsgrundlage der Verarbeitung<\/b><\/span>\nDie rechtliche Grundlage f\u00fcr die Verarbeitung Ihrer Daten ist:<\/div>\n<ul class=\"p-rich_text_list p-rich_text_list__bullet p-rich_text_list--nested\" data-stringify-type=\"unordered-list\" data-list-tree=\"true\" data-indent=\"0\" data-border=\"0\">\n \t<li data-stringify-indent=\"0\" data-stringify-border=\"0\">Die ausdr\u00fcckliche Einwilligung der betroffenen Person durch Ausf\u00fcllen und Absenden von Formularen oder freiwilligen Kontakt.<\/li>\n \t<li data-stringify-indent=\"0\" data-stringify-border=\"0\">Die Erf\u00fcllung eines vertraglichen oder vorvertraglichen Verh\u00e4ltnisses.<\/li>\n \t<li data-stringify-indent=\"0\" data-stringify-border=\"0\">Die Erf\u00fcllung gesetzlicher Pflichten, die den Verantwortlichen betreffen.<\/li>\n<\/ul>\n<div class=\"p-rich_text_section\">\n\n<span style=\"color: #000000;\"><b data-stringify-type=\"bold\">Speicherdauer der Daten<\/b><\/span>\nDie personenbezogenen Daten werden so lange gespeichert, wie eine aktive Beziehung mit dem Nutzer besteht oder bis dieser deren L\u00f6schung beantragt. Danach werden sie ordnungsgem\u00e4\u00df gesperrt und nur so lange aufbewahrt, wie es zur Erf\u00fcllung gesetzlicher Pflichten erforderlich ist.\n\n<span style=\"color: #000000;\"><b data-stringify-type=\"bold\">Kategorien der verarbeiteten Daten<\/b><\/span>\n\n<\/div>\n<ul class=\"p-rich_text_list p-rich_text_list__bullet p-rich_text_list--nested\" data-stringify-type=\"unordered-list\" data-list-tree=\"true\" data-indent=\"0\" data-border=\"0\">\n \t<li data-stringify-indent=\"0\" data-stringify-border=\"0\">Identifikationsdaten: Name, Nachname, E-Mail, Telefon.<\/li>\n \t<li data-stringify-indent=\"0\" data-stringify-border=\"0\">Technische Daten: IP-Adresse, Browsertyp, Besuchsdauer usw.<\/li>\n<\/ul>\n<div class=\"p-rich_text_section\">\n\n<span style=\"color: #000000;\"><b data-stringify-type=\"bold\">Empf\u00e4nger der Daten<\/b><\/span>\nEs sind keine Daten\u00fcbermittlungen an Dritte vorgesehen, es sei denn, es besteht eine gesetzliche Verpflichtung oder eine betriebliche Notwendigkeit mit ordnungsgem\u00e4\u00df beauftragten Auftragsverarbeitern gem\u00e4\u00df der DSGVO.\n\n<span style=\"color: #000000;\"><b data-stringify-type=\"bold\">Internationale Daten\u00fcbermittlungen<\/b><\/span>\nEs erfolgen keine internationalen Daten\u00fcbermittlungen.\n\n<span style=\"color: #000000;\"><b data-stringify-type=\"bold\">Sicherheitsma\u00dfnahmen<\/b><\/span>\nDer Verantwortliche hat die erforderlichen technischen und organisatorischen Ma\u00dfnahmen ergriffen, um die Sicherheit und Integrit\u00e4t der personenbezogenen Daten zu gew\u00e4hrleisten und deren Verlust, Ver\u00e4nderung oder unbefugten Zugriff zu verhindern.\n\n<span style=\"color: #000000;\"><b data-stringify-type=\"bold\">Rechte des Nutzers<\/b><\/span>\nDer Nutzer kann jederzeit folgende Rechte aus\u00fcben:\n\n<\/div>\n<ul class=\"p-rich_text_list p-rich_text_list__bullet p-rich_text_list--nested\" data-stringify-type=\"unordered-list\" data-list-tree=\"true\" data-indent=\"0\" data-border=\"0\">\n \t<li data-stringify-indent=\"0\" data-stringify-border=\"0\">Zugang zu seinen personenbezogenen Daten<\/li>\n \t<li data-stringify-indent=\"0\" data-stringify-border=\"0\">Berichtigung unrichtiger Daten<\/li>\n \t<li data-stringify-indent=\"0\" data-stringify-border=\"0\">L\u00f6schung seiner Daten<\/li>\n \t<li data-stringify-indent=\"0\" data-stringify-border=\"0\">Widerspruch gegen die Verarbeitung<\/li>\n \t<li data-stringify-indent=\"0\" data-stringify-border=\"0\">Einschr\u00e4nkung der Verarbeitung<\/li>\n \t<li data-stringify-indent=\"0\" data-stringify-border=\"0\">Daten\u00fcbertragbarkeit<\/li>\n \t<li data-stringify-indent=\"0\" data-stringify-border=\"0\">Widerruf der Einwilligung<\/li>\n<\/ul>\n<div class=\"p-rich_text_section\">\n\nZur Aus\u00fcbung dieser Rechte k\u00f6nnen Sie per E-Mail an <b data-stringify-type=\"bold\"><a class=\"c-link\" href=\"mailto:guaspantonia@yahoo.es\" target=\"_blank\" rel=\"noopener noreferrer\" data-stringify-link=\"mailto:guaspantonia@yahoo.es\" data-sk=\"tooltip_parent\" aria-haspopup=\"menu\">guaspantonia@yahoo.es<\/a><\/b> Kontakt aufnehmen und dabei Ihre Identit\u00e4t nachweisen. Sie haben au\u00dferdem das Recht, eine Beschwerde bei der spanischen Datenschutzbeh\u00f6rde (<a class=\"c-link\" href=\"http:\/\/www.aepd.es\/\" target=\"_blank\" rel=\"noopener noreferrer\" data-stringify-link=\"http:\/\/www.aepd.es\" data-sk=\"tooltip_parent\">www.aepd.es<\/a>) einzureichen.\n\n<span style=\"color: #000000;\"><b data-stringify-type=\"bold\">Einwilligung f\u00fcr Mitteilungen<\/b><\/span>\nWenn der Nutzer das entsprechende K\u00e4stchen ankreuzt, erkl\u00e4rt er sich ausdr\u00fccklich damit einverstanden, dass der Verantwortliche Mitteilungen \u00fcber elektronische Mittel in Bezug auf Produkte, Dienstleistungen oder Inhalte der Website sendet. Diese Einwilligung kann jederzeit widerrufen werden.\n\n<\/div>\n\t\t\t\t\t\t\t\t<\/div>\n\t\t\t\t<\/div>\n\t\t\t\t\t<\/div>\n\t\t<\/div>\n\t\t\t\t\t<\/div>\n\t\t<\/section>\n\t\t\t\t<\/div>\n\t\t","protected":false},"excerpt":{"rendered":"<p>Datenschutzbestimmungen Daten des Verantwortlichen f\u00fcr die Verarbeitung Verantwortlicher: Vins Ripoll Steuernummer: B07162464 Anschrift: C\/ Pere Estruch, 27, 07350 Binissalem, Illes Balears, Spanien Telefon: 629 709 915 E-Mail: guaspantonia@yahoo.es Anwendbare Vorschriften&hellip;<\/p>\n","protected":false},"author":1,"featured_media":0,"parent":0,"menu_order":0,"comment_status":"closed","ping_status":"closed","template":"","meta":{"footnotes":""},"class_list":["post-21428","page","type-page","status-publish","hentry"],"yoast_head":"<!-- This site is optimized with the Yoast SEO plugin v24.8.1 - https:\/\/yoast.com\/wordpress\/plugins\/seo\/ -->\n<title>Datenschutzbestimmungen - Vins Ripoll<\/title>\n<meta name=\"description\" content=\"Lesen Sie die Datenschutzrichtlinie von Vins Ripoll: Informationen zur Erhebung, Nutzung und zum Schutz Ihrer personenbezogenen Daten.\" \/>\n<meta name=\"robots\" content=\"index, follow, max-snippet:-1, max-image-preview:large, max-video-preview:-1\" \/>\n<link rel=\"canonical\" href=\"https:\/\/vinsripoll.com\/de\/datenschutzbestimmungen\/\" \/>\n<meta property=\"og:locale\" content=\"de_DE\" \/>\n<meta property=\"og:type\" content=\"article\" \/>\n<meta property=\"og:title\" content=\"Datenschutzbestimmungen - Vins Ripoll\" \/>\n<meta property=\"og:description\" content=\"Lesen Sie die Datenschutzrichtlinie von Vins Ripoll: Informationen zur Erhebung, Nutzung und zum Schutz Ihrer personenbezogenen Daten.\" \/>\n<meta property=\"og:url\" content=\"https:\/\/vinsripoll.com\/de\/datenschutzbestimmungen\/\" \/>\n<meta property=\"og:site_name\" content=\"Vins Ripoll\" \/>\n<meta property=\"article:modified_time\" content=\"2025-06-05T10:04:49+00:00\" \/>\n<meta name=\"twitter:card\" content=\"summary_large_image\" \/>\n<meta name=\"twitter:label1\" content=\"Gesch\u00e4tzte Lesezeit\" \/>\n\t<meta name=\"twitter:data1\" content=\"3\u00a0Minuten\" \/>\n<script type=\"application\/ld+json\" class=\"yoast-schema-graph\">{\"@context\":\"https:\/\/schema.org\",\"@graph\":[{\"@type\":\"WebPage\",\"@id\":\"https:\/\/vinsripoll.com\/de\/datenschutzbestimmungen\/\",\"url\":\"https:\/\/vinsripoll.com\/de\/datenschutzbestimmungen\/\",\"name\":\"Datenschutzbestimmungen - Vins Ripoll\",\"isPartOf\":{\"@id\":\"https:\/\/vinsripoll.com\/de\/#website\"},\"datePublished\":\"2025-06-02T13:29:37+00:00\",\"dateModified\":\"2025-06-05T10:04:49+00:00\",\"description\":\"Lesen Sie die Datenschutzrichtlinie von Vins Ripoll: Informationen zur Erhebung, Nutzung und zum Schutz Ihrer personenbezogenen Daten.\",\"breadcrumb\":{\"@id\":\"https:\/\/vinsripoll.com\/de\/datenschutzbestimmungen\/#breadcrumb\"},\"inLanguage\":\"de\",\"potentialAction\":[{\"@type\":\"ReadAction\",\"target\":[\"https:\/\/vinsripoll.com\/de\/datenschutzbestimmungen\/\"]}]},{\"@type\":\"BreadcrumbList\",\"@id\":\"https:\/\/vinsripoll.com\/de\/datenschutzbestimmungen\/#breadcrumb\",\"itemListElement\":[{\"@type\":\"ListItem\",\"position\":1,\"name\":\"Home\",\"item\":\"https:\/\/vinsripoll.com\/de\/inicio\/\"},{\"@type\":\"ListItem\",\"position\":2,\"name\":\"Datenschutzbestimmungen\"}]},{\"@type\":\"WebSite\",\"@id\":\"https:\/\/vinsripoll.com\/de\/#website\",\"url\":\"https:\/\/vinsripoll.com\/de\/\",\"name\":\"Vins Ripoll\",\"description\":\"Bodega\",\"publisher\":{\"@id\":\"https:\/\/vinsripoll.com\/de\/#organization\"},\"potentialAction\":[{\"@type\":\"SearchAction\",\"target\":{\"@type\":\"EntryPoint\",\"urlTemplate\":\"https:\/\/vinsripoll.com\/de\/?s={search_term_string}\"},\"query-input\":{\"@type\":\"PropertyValueSpecification\",\"valueRequired\":true,\"valueName\":\"search_term_string\"}}],\"inLanguage\":\"de\"},{\"@type\":\"Organization\",\"@id\":\"https:\/\/vinsripoll.com\/de\/#organization\",\"name\":\"Vins Ripoll\",\"url\":\"https:\/\/vinsripoll.com\/de\/\",\"logo\":{\"@type\":\"ImageObject\",\"inLanguage\":\"de\",\"@id\":\"https:\/\/vinsripoll.com\/de\/#\/schema\/logo\/image\/\",\"url\":\"https:\/\/vinsripoll.com\/wp-content\/uploads\/2025\/05\/logo-BN-BODEGAS-RIPOLL.png\",\"contentUrl\":\"https:\/\/vinsripoll.com\/wp-content\/uploads\/2025\/05\/logo-BN-BODEGAS-RIPOLL.png\",\"width\":1147,\"height\":819,\"caption\":\"Vins Ripoll\"},\"image\":{\"@id\":\"https:\/\/vinsripoll.com\/de\/#\/schema\/logo\/image\/\"}}]}<\/script>\n<!-- \/ Yoast SEO plugin. -->","yoast_head_json":{"title":"Datenschutzbestimmungen - Vins Ripoll","description":"Lesen Sie die Datenschutzrichtlinie von Vins Ripoll: Informationen zur Erhebung, Nutzung und zum Schutz Ihrer personenbezogenen Daten.","robots":{"index":"index","follow":"follow","max-snippet":"max-snippet:-1","max-image-preview":"max-image-preview:large","max-video-preview":"max-video-preview:-1"},"canonical":"https:\/\/vinsripoll.com\/de\/datenschutzbestimmungen\/","og_locale":"de_DE","og_type":"article","og_title":"Datenschutzbestimmungen - Vins Ripoll","og_description":"Lesen Sie die Datenschutzrichtlinie von Vins Ripoll: Informationen zur Erhebung, Nutzung und zum Schutz Ihrer personenbezogenen Daten.","og_url":"https:\/\/vinsripoll.com\/de\/datenschutzbestimmungen\/","og_site_name":"Vins Ripoll","article_modified_time":"2025-06-05T10:04:49+00:00","twitter_card":"summary_large_image","twitter_misc":{"Gesch\u00e4tzte Lesezeit":"3\u00a0Minuten"},"schema":{"@context":"https:\/\/schema.org","@graph":[{"@type":"WebPage","@id":"https:\/\/vinsripoll.com\/de\/datenschutzbestimmungen\/","url":"https:\/\/vinsripoll.com\/de\/datenschutzbestimmungen\/","name":"Datenschutzbestimmungen - Vins Ripoll","isPartOf":{"@id":"https:\/\/vinsripoll.com\/de\/#website"},"datePublished":"2025-06-02T13:29:37+00:00","dateModified":"2025-06-05T10:04:49+00:00","description":"Lesen Sie die Datenschutzrichtlinie von Vins Ripoll: Informationen zur Erhebung, Nutzung und zum Schutz Ihrer personenbezogenen Daten.","breadcrumb":{"@id":"https:\/\/vinsripoll.com\/de\/datenschutzbestimmungen\/#breadcrumb"},"inLanguage":"de","potentialAction":[{"@type":"ReadAction","target":["https:\/\/vinsripoll.com\/de\/datenschutzbestimmungen\/"]}]},{"@type":"BreadcrumbList","@id":"https:\/\/vinsripoll.com\/de\/datenschutzbestimmungen\/#breadcrumb","itemListElement":[{"@type":"ListItem","position":1,"name":"Home","item":"https:\/\/vinsripoll.com\/de\/inicio\/"},{"@type":"ListItem","position":2,"name":"Datenschutzbestimmungen"}]},{"@type":"WebSite","@id":"https:\/\/vinsripoll.com\/de\/#website","url":"https:\/\/vinsripoll.com\/de\/","name":"Vins Ripoll","description":"Bodega","publisher":{"@id":"https:\/\/vinsripoll.com\/de\/#organization"},"potentialAction":[{"@type":"SearchAction","target":{"@type":"EntryPoint","urlTemplate":"https:\/\/vinsripoll.com\/de\/?s={search_term_string}"},"query-input":{"@type":"PropertyValueSpecification","valueRequired":true,"valueName":"search_term_string"}}],"inLanguage":"de"},{"@type":"Organization","@id":"https:\/\/vinsripoll.com\/de\/#organization","name":"Vins Ripoll","url":"https:\/\/vinsripoll.com\/de\/","logo":{"@type":"ImageObject","inLanguage":"de","@id":"https:\/\/vinsripoll.com\/de\/#\/schema\/logo\/image\/","url":"https:\/\/vinsripoll.com\/wp-content\/uploads\/2025\/05\/logo-BN-BODEGAS-RIPOLL.png","contentUrl":"https:\/\/vinsripoll.com\/wp-content\/uploads\/2025\/05\/logo-BN-BODEGAS-RIPOLL.png","width":1147,"height":819,"caption":"Vins Ripoll"},"image":{"@id":"https:\/\/vinsripoll.com\/de\/#\/schema\/logo\/image\/"}}]}},"_links":{"self":[{"href":"https:\/\/vinsripoll.com\/de\/wp-json\/wp\/v2\/pages\/21428","targetHints":{"allow":["GET"]}}],"collection":[{"href":"https:\/\/vinsripoll.com\/de\/wp-json\/wp\/v2\/pages"}],"about":[{"href":"https:\/\/vinsripoll.com\/de\/wp-json\/wp\/v2\/types\/page"}],"author":[{"embeddable":true,"href":"https:\/\/vinsripoll.com\/de\/wp-json\/wp\/v2\/users\/1"}],"replies":[{"embeddable":true,"href":"https:\/\/vinsripoll.com\/de\/wp-json\/wp\/v2\/comments?post=21428"}],"version-history":[{"count":7,"href":"https:\/\/vinsripoll.com\/de\/wp-json\/wp\/v2\/pages\/21428\/revisions"}],"predecessor-version":[{"id":21917,"href":"https:\/\/vinsripoll.com\/de\/wp-json\/wp\/v2\/pages\/21428\/revisions\/21917"}],"wp:attachment":[{"href":"https:\/\/vinsripoll.com\/de\/wp-json\/wp\/v2\/media?parent=21428"}],"curies":[{"name":"wp","href":"https:\/\/api.w.org\/{rel}","templated":true}]}}