{"id":21289,"date":"2020-05-12T10:13:31","date_gmt":"2020-05-12T08:13:31","guid":{"rendered":"https:\/\/vinsripoll.com\/product\/vino-rosado\/"},"modified":"2025-06-03T10:02:14","modified_gmt":"2025-06-03T08:02:14","slug":"vi-rosat-ses-roques","status":"publish","type":"product","link":"https:\/\/vinsripoll.com\/ca\/product\/vi-rosat-ses-roques\/","title":{"rendered":"Vi Rosat"},"content":{"rendered":"<ul>\n<li>Anyada: 2023.<\/li>\n<li>Fermentaci\u00f3 controlada a dip\u00f2sits d&#8217;acer inoxidable.<\/li>\n<li>Proced\u00e8ncia: Castella-la Manxa.<\/li>\n<li>Vinyes: entre 20-30 anys tant en got com a espatllera.<\/li>\n<li>Terroir: sorrenc en sec\u00e0.<\/li>\n<\/ul>\n","protected":false},"excerpt":{"rendered":"<p>Vi Rosat Ses Roques.<\/p>\n<p>L\u00b4elaboraci\u00f3 del vi rosat \u00e9s m\u00e9s complexa. Es vigila molt atentament, a l&#8217;hora de premsar el most, ja que en un per\u00edode de temps cal obtenir la tonalitat de color correcta.<\/p>\n<p>Despr\u00e9s del espavilat i trepitjat suau del ra\u00efm, es passa el most directament a premsa pneum\u00e0tica i s&#8217;hi macera amb tos pells i amb ajuda de gel sec, evitem oxidacions i pre fermentacions no desitjades fins aconseguir una tonalitat p\u00e0l\u00b7lida ros\u00e0cia.<\/p>\n<p>Despr\u00e9s passa el most a petits dip\u00f2sits de fermentaci\u00f3 d&#8217;acer inoxidable on es fermentar\u00e0 a temperatura controlada de 16\u00baC. Despr\u00e9s de la fermentaci\u00f3, el vi passa a un altre dip\u00f2sit d&#8217;acer inoxidable perqu\u00e8 es reposi durant dos mesos abans de l&#8217;embotellament.<\/p>\n","protected":false},"featured_media":20951,"comment_status":"closed","ping_status":"closed","template":"","meta":[],"product_brand":[],"product_cat":[215,214],"product_tag":[],"class_list":{"0":"post-21289","1":"product","2":"type-product","3":"status-publish","4":"has-post-thumbnail","6":"product_cat-rosado-ca","7":"product_cat-white-wine-ca","9":"first","10":"instock","11":"shipping-taxable","12":"product-type-simple"},"yoast_head":"<!-- This site is optimized with the Yoast SEO plugin v24.8.1 - https:\/\/yoast.com\/wordpress\/plugins\/seo\/ -->\n<title>Vi Rosat - Vins Ripoll<\/title>\n<meta name=\"robots\" content=\"index, follow, max-snippet:-1, max-image-preview:large, max-video-preview:-1\" \/>\n<link rel=\"canonical\" href=\"https:\/\/vinsripoll.com\/ca\/product\/vi-rosat-ses-roques\/\" \/>\n<meta property=\"og:locale\" content=\"ca_ES\" \/>\n<meta property=\"og:type\" content=\"article\" \/>\n<meta property=\"og:title\" content=\"Vi Rosat - Vins Ripoll\" \/>\n<meta property=\"og:description\" content=\"Vi Rosat Ses Roques.  L\u00b4elaboraci\u00f3 del vi rosat \u00e9s m\u00e9s complexa. Es vigila molt atentament, a l&#039;hora de premsar el most, ja que en un per\u00edode de temps cal obtenir la tonalitat de color correcta.  Despr\u00e9s del espavilat i trepitjat suau del ra\u00efm, es passa el most directament a premsa pneum\u00e0tica i s&#039;hi macera amb tos pells i amb ajuda de gel sec, evitem oxidacions i pre fermentacions no desitjades fins aconseguir una tonalitat p\u00e0l\u00b7lida ros\u00e0cia.  Despr\u00e9s passa el most a petits dip\u00f2sits de fermentaci\u00f3 d&#039;acer inoxidable on es fermentar\u00e0 a temperatura controlada de 16\u00baC. Despr\u00e9s de la fermentaci\u00f3, el vi passa a un altre dip\u00f2sit d&#039;acer inoxidable perqu\u00e8 es reposi durant dos mesos abans de l&#039;embotellament.\" \/>\n<meta property=\"og:url\" content=\"https:\/\/vinsripoll.com\/ca\/product\/vi-rosat-ses-roques\/\" \/>\n<meta property=\"og:site_name\" content=\"Vins Ripoll\" \/>\n<meta property=\"article:modified_time\" content=\"2025-06-03T08:02:14+00:00\" \/>\n<meta property=\"og:image\" content=\"https:\/\/vinsripoll.com\/wp-content\/uploads\/2025\/05\/vino-rosado-ses-roques.jpg\" \/>\n\t<meta property=\"og:image:width\" content=\"1200\" \/>\n\t<meta property=\"og:image:height\" content=\"1200\" \/>\n\t<meta property=\"og:image:type\" content=\"image\/jpeg\" \/>\n<meta name=\"twitter:card\" content=\"summary_large_image\" \/>\n<meta name=\"twitter:label1\" content=\"Temps estimat de lectura\" \/>\n\t<meta name=\"twitter:data1\" content=\"1 minut\" \/>\n<script type=\"application\/ld+json\" class=\"yoast-schema-graph\">{\"@context\":\"https:\/\/schema.org\",\"@graph\":[{\"@type\":\"WebPage\",\"@id\":\"https:\/\/vinsripoll.com\/ca\/product\/vi-rosat-ses-roques\/\",\"url\":\"https:\/\/vinsripoll.com\/ca\/product\/vi-rosat-ses-roques\/\",\"name\":\"Vi Rosat - Vins Ripoll\",\"isPartOf\":{\"@id\":\"https:\/\/vinsripoll.com\/ca\/#website\"},\"primaryImageOfPage\":{\"@id\":\"https:\/\/vinsripoll.com\/ca\/product\/vi-rosat-ses-roques\/#primaryimage\"},\"image\":{\"@id\":\"https:\/\/vinsripoll.com\/ca\/product\/vi-rosat-ses-roques\/#primaryimage\"},\"thumbnailUrl\":\"https:\/\/vinsripoll.com\/wp-content\/uploads\/2025\/05\/vino-rosado-ses-roques.jpg\",\"datePublished\":\"2020-05-12T08:13:31+00:00\",\"dateModified\":\"2025-06-03T08:02:14+00:00\",\"breadcrumb\":{\"@id\":\"https:\/\/vinsripoll.com\/ca\/product\/vi-rosat-ses-roques\/#breadcrumb\"},\"inLanguage\":\"ca\",\"potentialAction\":[{\"@type\":\"ReadAction\",\"target\":[\"https:\/\/vinsripoll.com\/ca\/product\/vi-rosat-ses-roques\/\"]}]},{\"@type\":\"ImageObject\",\"inLanguage\":\"ca\",\"@id\":\"https:\/\/vinsripoll.com\/ca\/product\/vi-rosat-ses-roques\/#primaryimage\",\"url\":\"https:\/\/vinsripoll.com\/wp-content\/uploads\/2025\/05\/vino-rosado-ses-roques.jpg\",\"contentUrl\":\"https:\/\/vinsripoll.com\/wp-content\/uploads\/2025\/05\/vino-rosado-ses-roques.jpg\",\"width\":1200,\"height\":1200,\"caption\":\"Vino rosado Ses Roques\"},{\"@type\":\"BreadcrumbList\",\"@id\":\"https:\/\/vinsripoll.com\/ca\/product\/vi-rosat-ses-roques\/#breadcrumb\",\"itemListElement\":[{\"@type\":\"ListItem\",\"position\":1,\"name\":\"Home\",\"item\":\"https:\/\/vinsripoll.com\/ca\/inicio\/\"},{\"@type\":\"ListItem\",\"position\":2,\"name\":\"Productes\",\"item\":\"https:\/\/vinsripoll.com\/ca\/shop\/\"},{\"@type\":\"ListItem\",\"position\":3,\"name\":\"Vi Rosat\"}]},{\"@type\":\"WebSite\",\"@id\":\"https:\/\/vinsripoll.com\/ca\/#website\",\"url\":\"https:\/\/vinsripoll.com\/ca\/\",\"name\":\"Vins Ripoll\",\"description\":\"Bodega\",\"publisher\":{\"@id\":\"https:\/\/vinsripoll.com\/ca\/#organization\"},\"potentialAction\":[{\"@type\":\"SearchAction\",\"target\":{\"@type\":\"EntryPoint\",\"urlTemplate\":\"https:\/\/vinsripoll.com\/ca\/?s={search_term_string}\"},\"query-input\":{\"@type\":\"PropertyValueSpecification\",\"valueRequired\":true,\"valueName\":\"search_term_string\"}}],\"inLanguage\":\"ca\"},{\"@type\":\"Organization\",\"@id\":\"https:\/\/vinsripoll.com\/ca\/#organization\",\"name\":\"Vins Ripoll\",\"url\":\"https:\/\/vinsripoll.com\/ca\/\",\"logo\":{\"@type\":\"ImageObject\",\"inLanguage\":\"ca\",\"@id\":\"https:\/\/vinsripoll.com\/ca\/#\/schema\/logo\/image\/\",\"url\":\"https:\/\/vinsripoll.com\/wp-content\/uploads\/2025\/05\/logo-BN-BODEGAS-RIPOLL.png\",\"contentUrl\":\"https:\/\/vinsripoll.com\/wp-content\/uploads\/2025\/05\/logo-BN-BODEGAS-RIPOLL.png\",\"width\":1147,\"height\":819,\"caption\":\"Vins Ripoll\"},\"image\":{\"@id\":\"https:\/\/vinsripoll.com\/ca\/#\/schema\/logo\/image\/\"}}]}<\/script>\n<!-- \/ Yoast SEO plugin. -->","yoast_head_json":{"title":"Vi Rosat - Vins Ripoll","robots":{"index":"index","follow":"follow","max-snippet":"max-snippet:-1","max-image-preview":"max-image-preview:large","max-video-preview":"max-video-preview:-1"},"canonical":"https:\/\/vinsripoll.com\/ca\/product\/vi-rosat-ses-roques\/","og_locale":"ca_ES","og_type":"article","og_title":"Vi Rosat - Vins Ripoll","og_description":"Vi Rosat Ses Roques.  L\u00b4elaboraci\u00f3 del vi rosat \u00e9s m\u00e9s complexa. Es vigila molt atentament, a l'hora de premsar el most, ja que en un per\u00edode de temps cal obtenir la tonalitat de color correcta.  Despr\u00e9s del espavilat i trepitjat suau del ra\u00efm, es passa el most directament a premsa pneum\u00e0tica i s'hi macera amb tos pells i amb ajuda de gel sec, evitem oxidacions i pre fermentacions no desitjades fins aconseguir una tonalitat p\u00e0l\u00b7lida ros\u00e0cia.  Despr\u00e9s passa el most a petits dip\u00f2sits de fermentaci\u00f3 d'acer inoxidable on es fermentar\u00e0 a temperatura controlada de 16\u00baC. Despr\u00e9s de la fermentaci\u00f3, el vi passa a un altre dip\u00f2sit d'acer inoxidable perqu\u00e8 es reposi durant dos mesos abans de l'embotellament.","og_url":"https:\/\/vinsripoll.com\/ca\/product\/vi-rosat-ses-roques\/","og_site_name":"Vins Ripoll","article_modified_time":"2025-06-03T08:02:14+00:00","og_image":[{"width":1200,"height":1200,"url":"https:\/\/vinsripoll.com\/wp-content\/uploads\/2025\/05\/vino-rosado-ses-roques.jpg","type":"image\/jpeg"}],"twitter_card":"summary_large_image","twitter_misc":{"Temps estimat de lectura":"1 minut"},"schema":{"@context":"https:\/\/schema.org","@graph":[{"@type":"WebPage","@id":"https:\/\/vinsripoll.com\/ca\/product\/vi-rosat-ses-roques\/","url":"https:\/\/vinsripoll.com\/ca\/product\/vi-rosat-ses-roques\/","name":"Vi Rosat - Vins Ripoll","isPartOf":{"@id":"https:\/\/vinsripoll.com\/ca\/#website"},"primaryImageOfPage":{"@id":"https:\/\/vinsripoll.com\/ca\/product\/vi-rosat-ses-roques\/#primaryimage"},"image":{"@id":"https:\/\/vinsripoll.com\/ca\/product\/vi-rosat-ses-roques\/#primaryimage"},"thumbnailUrl":"https:\/\/vinsripoll.com\/wp-content\/uploads\/2025\/05\/vino-rosado-ses-roques.jpg","datePublished":"2020-05-12T08:13:31+00:00","dateModified":"2025-06-03T08:02:14+00:00","breadcrumb":{"@id":"https:\/\/vinsripoll.com\/ca\/product\/vi-rosat-ses-roques\/#breadcrumb"},"inLanguage":"ca","potentialAction":[{"@type":"ReadAction","target":["https:\/\/vinsripoll.com\/ca\/product\/vi-rosat-ses-roques\/"]}]},{"@type":"ImageObject","inLanguage":"ca","@id":"https:\/\/vinsripoll.com\/ca\/product\/vi-rosat-ses-roques\/#primaryimage","url":"https:\/\/vinsripoll.com\/wp-content\/uploads\/2025\/05\/vino-rosado-ses-roques.jpg","contentUrl":"https:\/\/vinsripoll.com\/wp-content\/uploads\/2025\/05\/vino-rosado-ses-roques.jpg","width":1200,"height":1200,"caption":"Vino rosado Ses Roques"},{"@type":"BreadcrumbList","@id":"https:\/\/vinsripoll.com\/ca\/product\/vi-rosat-ses-roques\/#breadcrumb","itemListElement":[{"@type":"ListItem","position":1,"name":"Home","item":"https:\/\/vinsripoll.com\/ca\/inicio\/"},{"@type":"ListItem","position":2,"name":"Productes","item":"https:\/\/vinsripoll.com\/ca\/shop\/"},{"@type":"ListItem","position":3,"name":"Vi Rosat"}]},{"@type":"WebSite","@id":"https:\/\/vinsripoll.com\/ca\/#website","url":"https:\/\/vinsripoll.com\/ca\/","name":"Vins Ripoll","description":"Bodega","publisher":{"@id":"https:\/\/vinsripoll.com\/ca\/#organization"},"potentialAction":[{"@type":"SearchAction","target":{"@type":"EntryPoint","urlTemplate":"https:\/\/vinsripoll.com\/ca\/?s={search_term_string}"},"query-input":{"@type":"PropertyValueSpecification","valueRequired":true,"valueName":"search_term_string"}}],"inLanguage":"ca"},{"@type":"Organization","@id":"https:\/\/vinsripoll.com\/ca\/#organization","name":"Vins Ripoll","url":"https:\/\/vinsripoll.com\/ca\/","logo":{"@type":"ImageObject","inLanguage":"ca","@id":"https:\/\/vinsripoll.com\/ca\/#\/schema\/logo\/image\/","url":"https:\/\/vinsripoll.com\/wp-content\/uploads\/2025\/05\/logo-BN-BODEGAS-RIPOLL.png","contentUrl":"https:\/\/vinsripoll.com\/wp-content\/uploads\/2025\/05\/logo-BN-BODEGAS-RIPOLL.png","width":1147,"height":819,"caption":"Vins Ripoll"},"image":{"@id":"https:\/\/vinsripoll.com\/ca\/#\/schema\/logo\/image\/"}}]}},"_links":{"self":[{"href":"https:\/\/vinsripoll.com\/ca\/wp-json\/wp\/v2\/product\/21289","targetHints":{"allow":["GET"]}}],"collection":[{"href":"https:\/\/vinsripoll.com\/ca\/wp-json\/wp\/v2\/product"}],"about":[{"href":"https:\/\/vinsripoll.com\/ca\/wp-json\/wp\/v2\/types\/product"}],"replies":[{"embeddable":true,"href":"https:\/\/vinsripoll.com\/ca\/wp-json\/wp\/v2\/comments?post=21289"}],"wp:featuredmedia":[{"embeddable":true,"href":"https:\/\/vinsripoll.com\/ca\/wp-json\/wp\/v2\/media\/20951"}],"wp:attachment":[{"href":"https:\/\/vinsripoll.com\/ca\/wp-json\/wp\/v2\/media?parent=21289"}],"wp:term":[{"taxonomy":"product_brand","embeddable":true,"href":"https:\/\/vinsripoll.com\/ca\/wp-json\/wp\/v2\/product_brand?post=21289"},{"taxonomy":"product_cat","embeddable":true,"href":"https:\/\/vinsripoll.com\/ca\/wp-json\/wp\/v2\/product_cat?post=21289"},{"taxonomy":"product_tag","embeddable":true,"href":"https:\/\/vinsripoll.com\/ca\/wp-json\/wp\/v2\/product_tag?post=21289"}],"curies":[{"name":"wp","href":"https:\/\/api.w.org\/{rel}","templated":true}]}}