{"id":21288,"date":"2020-05-12T12:18:04","date_gmt":"2020-05-12T10:18:04","guid":{"rendered":"https:\/\/vinsripoll.com\/product\/vino-blanco\/"},"modified":"2025-06-03T10:04:39","modified_gmt":"2025-06-03T08:04:39","slug":"vi-blanc-ses-roques","status":"publish","type":"product","link":"https:\/\/vinsripoll.com\/ca\/product\/vi-blanc-ses-roques\/","title":{"rendered":"Vi Blanc"},"content":{"rendered":"<ul>\n<li>Anyada: 2023.<\/li>\n<li>Fermentaci\u00f3 controlada a dip\u00f2sits d&#8217;acer inoxidable.<\/li>\n<li>Proced\u00e8ncia: Castella-la Manxa.<\/li>\n<li>Vinyes: entre 25 anys a espatllera.<\/li>\n<li>Terroir: franc-argil\u00f3s amb degoteig.<\/li>\n<\/ul>\n","protected":false},"excerpt":{"rendered":"<p>Vi Blanc Ses Roques.<br \/>\nL&#8217;elaboraci\u00f3 del vi blanc es realitza en petits dip\u00f2sits d&#8217;acer inoxidable, amb premsat suau, usant gel sec a premsa i dip\u00f2sits, abans del desfangat, per procedir posteriorment amb la fermentaci\u00f3 alcoh\u00f2lica.<\/p>\n<p>Sempre a temperatura controlada de 18 \u00baC. Un cop acabada la fermentaci\u00f3 passem el vi a la crian\u00e7a amb les fines mares durant uns tres mesos abans de l&#8217;embotellat.<\/p>\n","protected":false},"featured_media":20954,"comment_status":"closed","ping_status":"closed","template":"","meta":[],"product_brand":[],"product_cat":[214],"product_tag":[],"class_list":{"0":"post-21288","1":"product","2":"type-product","3":"status-publish","4":"has-post-thumbnail","6":"product_cat-white-wine-ca","8":"first","9":"instock","10":"shipping-taxable","11":"product-type-simple"},"yoast_head":"<!-- This site is optimized with the Yoast SEO plugin v24.8.1 - https:\/\/yoast.com\/wordpress\/plugins\/seo\/ -->\n<title>Vi Blanc - Vins Ripoll<\/title>\n<meta name=\"robots\" content=\"index, follow, max-snippet:-1, max-image-preview:large, max-video-preview:-1\" \/>\n<link rel=\"canonical\" href=\"https:\/\/vinsripoll.com\/ca\/product\/vi-blanc-ses-roques\/\" \/>\n<meta property=\"og:locale\" content=\"ca_ES\" \/>\n<meta property=\"og:type\" content=\"article\" \/>\n<meta property=\"og:title\" content=\"Vi Blanc - Vins Ripoll\" \/>\n<meta property=\"og:description\" content=\"Vi Blanc Ses Roques. L&#039;elaboraci\u00f3 del vi blanc es realitza en petits dip\u00f2sits d&#039;acer inoxidable, amb premsat suau, usant gel sec a premsa i dip\u00f2sits, abans del desfangat, per procedir posteriorment amb la fermentaci\u00f3 alcoh\u00f2lica.  Sempre a temperatura controlada de 18 \u00baC. Un cop acabada la fermentaci\u00f3 passem el vi a la crian\u00e7a amb les fines mares durant uns tres mesos abans de l&#039;embotellat.\" \/>\n<meta property=\"og:url\" content=\"https:\/\/vinsripoll.com\/ca\/product\/vi-blanc-ses-roques\/\" \/>\n<meta property=\"og:site_name\" content=\"Vins Ripoll\" \/>\n<meta property=\"article:modified_time\" content=\"2025-06-03T08:04:39+00:00\" \/>\n<meta property=\"og:image\" content=\"https:\/\/vinsripoll.com\/wp-content\/uploads\/2025\/05\/vino-blanco-ses-roques.jpg\" \/>\n\t<meta property=\"og:image:width\" content=\"1200\" \/>\n\t<meta property=\"og:image:height\" content=\"1200\" \/>\n\t<meta property=\"og:image:type\" content=\"image\/jpeg\" \/>\n<meta name=\"twitter:card\" content=\"summary_large_image\" \/>\n<meta name=\"twitter:label1\" content=\"Temps estimat de lectura\" \/>\n\t<meta name=\"twitter:data1\" content=\"1 minut\" \/>\n<script type=\"application\/ld+json\" class=\"yoast-schema-graph\">{\"@context\":\"https:\/\/schema.org\",\"@graph\":[{\"@type\":\"WebPage\",\"@id\":\"https:\/\/vinsripoll.com\/ca\/product\/vi-blanc-ses-roques\/\",\"url\":\"https:\/\/vinsripoll.com\/ca\/product\/vi-blanc-ses-roques\/\",\"name\":\"Vi Blanc - Vins Ripoll\",\"isPartOf\":{\"@id\":\"https:\/\/vinsripoll.com\/ca\/#website\"},\"primaryImageOfPage\":{\"@id\":\"https:\/\/vinsripoll.com\/ca\/product\/vi-blanc-ses-roques\/#primaryimage\"},\"image\":{\"@id\":\"https:\/\/vinsripoll.com\/ca\/product\/vi-blanc-ses-roques\/#primaryimage\"},\"thumbnailUrl\":\"https:\/\/vinsripoll.com\/wp-content\/uploads\/2025\/05\/vino-blanco-ses-roques.jpg\",\"datePublished\":\"2020-05-12T10:18:04+00:00\",\"dateModified\":\"2025-06-03T08:04:39+00:00\",\"breadcrumb\":{\"@id\":\"https:\/\/vinsripoll.com\/ca\/product\/vi-blanc-ses-roques\/#breadcrumb\"},\"inLanguage\":\"ca\",\"potentialAction\":[{\"@type\":\"ReadAction\",\"target\":[\"https:\/\/vinsripoll.com\/ca\/product\/vi-blanc-ses-roques\/\"]}]},{\"@type\":\"ImageObject\",\"inLanguage\":\"ca\",\"@id\":\"https:\/\/vinsripoll.com\/ca\/product\/vi-blanc-ses-roques\/#primaryimage\",\"url\":\"https:\/\/vinsripoll.com\/wp-content\/uploads\/2025\/05\/vino-blanco-ses-roques.jpg\",\"contentUrl\":\"https:\/\/vinsripoll.com\/wp-content\/uploads\/2025\/05\/vino-blanco-ses-roques.jpg\",\"width\":1200,\"height\":1200,\"caption\":\"Vino blanco Ses Roques\"},{\"@type\":\"BreadcrumbList\",\"@id\":\"https:\/\/vinsripoll.com\/ca\/product\/vi-blanc-ses-roques\/#breadcrumb\",\"itemListElement\":[{\"@type\":\"ListItem\",\"position\":1,\"name\":\"Home\",\"item\":\"https:\/\/vinsripoll.com\/ca\/inicio\/\"},{\"@type\":\"ListItem\",\"position\":2,\"name\":\"Productes\",\"item\":\"https:\/\/vinsripoll.com\/ca\/shop\/\"},{\"@type\":\"ListItem\",\"position\":3,\"name\":\"Vi Blanc\"}]},{\"@type\":\"WebSite\",\"@id\":\"https:\/\/vinsripoll.com\/ca\/#website\",\"url\":\"https:\/\/vinsripoll.com\/ca\/\",\"name\":\"Vins Ripoll\",\"description\":\"Bodega\",\"publisher\":{\"@id\":\"https:\/\/vinsripoll.com\/ca\/#organization\"},\"potentialAction\":[{\"@type\":\"SearchAction\",\"target\":{\"@type\":\"EntryPoint\",\"urlTemplate\":\"https:\/\/vinsripoll.com\/ca\/?s={search_term_string}\"},\"query-input\":{\"@type\":\"PropertyValueSpecification\",\"valueRequired\":true,\"valueName\":\"search_term_string\"}}],\"inLanguage\":\"ca\"},{\"@type\":\"Organization\",\"@id\":\"https:\/\/vinsripoll.com\/ca\/#organization\",\"name\":\"Vins Ripoll\",\"url\":\"https:\/\/vinsripoll.com\/ca\/\",\"logo\":{\"@type\":\"ImageObject\",\"inLanguage\":\"ca\",\"@id\":\"https:\/\/vinsripoll.com\/ca\/#\/schema\/logo\/image\/\",\"url\":\"https:\/\/vinsripoll.com\/wp-content\/uploads\/2025\/05\/logo-BN-BODEGAS-RIPOLL.png\",\"contentUrl\":\"https:\/\/vinsripoll.com\/wp-content\/uploads\/2025\/05\/logo-BN-BODEGAS-RIPOLL.png\",\"width\":1147,\"height\":819,\"caption\":\"Vins Ripoll\"},\"image\":{\"@id\":\"https:\/\/vinsripoll.com\/ca\/#\/schema\/logo\/image\/\"}}]}<\/script>\n<!-- \/ Yoast SEO plugin. -->","yoast_head_json":{"title":"Vi Blanc - Vins Ripoll","robots":{"index":"index","follow":"follow","max-snippet":"max-snippet:-1","max-image-preview":"max-image-preview:large","max-video-preview":"max-video-preview:-1"},"canonical":"https:\/\/vinsripoll.com\/ca\/product\/vi-blanc-ses-roques\/","og_locale":"ca_ES","og_type":"article","og_title":"Vi Blanc - Vins Ripoll","og_description":"Vi Blanc Ses Roques. L'elaboraci\u00f3 del vi blanc es realitza en petits dip\u00f2sits d'acer inoxidable, amb premsat suau, usant gel sec a premsa i dip\u00f2sits, abans del desfangat, per procedir posteriorment amb la fermentaci\u00f3 alcoh\u00f2lica.  Sempre a temperatura controlada de 18 \u00baC. Un cop acabada la fermentaci\u00f3 passem el vi a la crian\u00e7a amb les fines mares durant uns tres mesos abans de l'embotellat.","og_url":"https:\/\/vinsripoll.com\/ca\/product\/vi-blanc-ses-roques\/","og_site_name":"Vins Ripoll","article_modified_time":"2025-06-03T08:04:39+00:00","og_image":[{"width":1200,"height":1200,"url":"https:\/\/vinsripoll.com\/wp-content\/uploads\/2025\/05\/vino-blanco-ses-roques.jpg","type":"image\/jpeg"}],"twitter_card":"summary_large_image","twitter_misc":{"Temps estimat de lectura":"1 minut"},"schema":{"@context":"https:\/\/schema.org","@graph":[{"@type":"WebPage","@id":"https:\/\/vinsripoll.com\/ca\/product\/vi-blanc-ses-roques\/","url":"https:\/\/vinsripoll.com\/ca\/product\/vi-blanc-ses-roques\/","name":"Vi Blanc - Vins Ripoll","isPartOf":{"@id":"https:\/\/vinsripoll.com\/ca\/#website"},"primaryImageOfPage":{"@id":"https:\/\/vinsripoll.com\/ca\/product\/vi-blanc-ses-roques\/#primaryimage"},"image":{"@id":"https:\/\/vinsripoll.com\/ca\/product\/vi-blanc-ses-roques\/#primaryimage"},"thumbnailUrl":"https:\/\/vinsripoll.com\/wp-content\/uploads\/2025\/05\/vino-blanco-ses-roques.jpg","datePublished":"2020-05-12T10:18:04+00:00","dateModified":"2025-06-03T08:04:39+00:00","breadcrumb":{"@id":"https:\/\/vinsripoll.com\/ca\/product\/vi-blanc-ses-roques\/#breadcrumb"},"inLanguage":"ca","potentialAction":[{"@type":"ReadAction","target":["https:\/\/vinsripoll.com\/ca\/product\/vi-blanc-ses-roques\/"]}]},{"@type":"ImageObject","inLanguage":"ca","@id":"https:\/\/vinsripoll.com\/ca\/product\/vi-blanc-ses-roques\/#primaryimage","url":"https:\/\/vinsripoll.com\/wp-content\/uploads\/2025\/05\/vino-blanco-ses-roques.jpg","contentUrl":"https:\/\/vinsripoll.com\/wp-content\/uploads\/2025\/05\/vino-blanco-ses-roques.jpg","width":1200,"height":1200,"caption":"Vino blanco Ses Roques"},{"@type":"BreadcrumbList","@id":"https:\/\/vinsripoll.com\/ca\/product\/vi-blanc-ses-roques\/#breadcrumb","itemListElement":[{"@type":"ListItem","position":1,"name":"Home","item":"https:\/\/vinsripoll.com\/ca\/inicio\/"},{"@type":"ListItem","position":2,"name":"Productes","item":"https:\/\/vinsripoll.com\/ca\/shop\/"},{"@type":"ListItem","position":3,"name":"Vi Blanc"}]},{"@type":"WebSite","@id":"https:\/\/vinsripoll.com\/ca\/#website","url":"https:\/\/vinsripoll.com\/ca\/","name":"Vins Ripoll","description":"Bodega","publisher":{"@id":"https:\/\/vinsripoll.com\/ca\/#organization"},"potentialAction":[{"@type":"SearchAction","target":{"@type":"EntryPoint","urlTemplate":"https:\/\/vinsripoll.com\/ca\/?s={search_term_string}"},"query-input":{"@type":"PropertyValueSpecification","valueRequired":true,"valueName":"search_term_string"}}],"inLanguage":"ca"},{"@type":"Organization","@id":"https:\/\/vinsripoll.com\/ca\/#organization","name":"Vins Ripoll","url":"https:\/\/vinsripoll.com\/ca\/","logo":{"@type":"ImageObject","inLanguage":"ca","@id":"https:\/\/vinsripoll.com\/ca\/#\/schema\/logo\/image\/","url":"https:\/\/vinsripoll.com\/wp-content\/uploads\/2025\/05\/logo-BN-BODEGAS-RIPOLL.png","contentUrl":"https:\/\/vinsripoll.com\/wp-content\/uploads\/2025\/05\/logo-BN-BODEGAS-RIPOLL.png","width":1147,"height":819,"caption":"Vins Ripoll"},"image":{"@id":"https:\/\/vinsripoll.com\/ca\/#\/schema\/logo\/image\/"}}]}},"_links":{"self":[{"href":"https:\/\/vinsripoll.com\/ca\/wp-json\/wp\/v2\/product\/21288","targetHints":{"allow":["GET"]}}],"collection":[{"href":"https:\/\/vinsripoll.com\/ca\/wp-json\/wp\/v2\/product"}],"about":[{"href":"https:\/\/vinsripoll.com\/ca\/wp-json\/wp\/v2\/types\/product"}],"replies":[{"embeddable":true,"href":"https:\/\/vinsripoll.com\/ca\/wp-json\/wp\/v2\/comments?post=21288"}],"wp:featuredmedia":[{"embeddable":true,"href":"https:\/\/vinsripoll.com\/ca\/wp-json\/wp\/v2\/media\/20954"}],"wp:attachment":[{"href":"https:\/\/vinsripoll.com\/ca\/wp-json\/wp\/v2\/media?parent=21288"}],"wp:term":[{"taxonomy":"product_brand","embeddable":true,"href":"https:\/\/vinsripoll.com\/ca\/wp-json\/wp\/v2\/product_brand?post=21288"},{"taxonomy":"product_cat","embeddable":true,"href":"https:\/\/vinsripoll.com\/ca\/wp-json\/wp\/v2\/product_cat?post=21288"},{"taxonomy":"product_tag","embeddable":true,"href":"https:\/\/vinsripoll.com\/ca\/wp-json\/wp\/v2\/product_tag?post=21288"}],"curies":[{"name":"wp","href":"https:\/\/api.w.org\/{rel}","templated":true}]}}