{"id":21286,"date":"2020-05-12T12:21:00","date_gmt":"2020-05-12T10:21:00","guid":{"rendered":"https:\/\/vinsripoll.com\/product\/vino-tinto-ses-roques\/"},"modified":"2025-06-03T09:57:00","modified_gmt":"2025-06-03T07:57:00","slug":"vi-negre-ses-roques","status":"publish","type":"product","link":"https:\/\/vinsripoll.com\/ca\/product\/vi-negre-ses-roques\/","title":{"rendered":"Vi Negre"},"content":{"rendered":"<ul>\n<li>Anyada: 2023.<\/li>\n<li>Fermentaci\u00f3 controlada en dip\u00f2sits de ciment.<\/li>\n<li>Proced\u00e8ncia: Castella-la Manxa.<\/li>\n<li>Vinyes: entre 20-50 anys tant en got com a espatllera.<\/li>\n<li>Terroir: franc-argil\u00f3s en sec\u00e0.<\/li>\n<\/ul>\n","protected":false},"excerpt":{"rendered":"<p>Vi negre Ses Roques.<br \/>\nL&#8217;elaboraci\u00f3 del vi negre es realitza en petits dip\u00f2sits de formig\u00f3 en perfectes condicions sanit\u00e0ries, a temperatura controlada per fred, mantenint-se amb maceracions suaus d&#8217;entre 20 i 40 dies, depenent del tipus de ra\u00efm.<\/p>\n<p>Un cop finalitzada la fermentaci\u00f3 alcoh\u00f2lica, es procedeix amb el premsat de les pells, de manera molt suau (a 1,5 Atmosferes), durant un per\u00edode curt, per la qual cosa els rendiments s\u00f3n sempre baixos per obtenir vins suaus al paladar.<\/p>\n<p>La crian\u00e7a sol durar de 6 a 9 mesos en barricades de roure franc\u00e8s de 500 litres.<\/p>\n<p>Un cop feta la crian\u00e7a, el vi passar\u00e0 a l&#8217;embotellament.<\/p>\n","protected":false},"featured_media":20948,"comment_status":"closed","ping_status":"closed","template":"","meta":[],"product_brand":[],"product_cat":[212],"product_tag":[],"class_list":{"0":"post-21286","1":"product","2":"type-product","3":"status-publish","4":"has-post-thumbnail","6":"product_cat-red-wine-ca","8":"first","9":"instock","10":"shipping-taxable","11":"product-type-simple"},"yoast_head":"<!-- This site is optimized with the Yoast SEO plugin v24.8.1 - https:\/\/yoast.com\/wordpress\/plugins\/seo\/ -->\n<title>Vi Negre - Vins Ripoll<\/title>\n<meta name=\"robots\" content=\"index, follow, max-snippet:-1, max-image-preview:large, max-video-preview:-1\" \/>\n<link rel=\"canonical\" href=\"https:\/\/vinsripoll.com\/ca\/product\/vi-negre-ses-roques\/\" \/>\n<meta property=\"og:locale\" content=\"ca_ES\" \/>\n<meta property=\"og:type\" content=\"article\" \/>\n<meta property=\"og:title\" content=\"Vi Negre - Vins Ripoll\" \/>\n<meta property=\"og:description\" content=\"Vi negre Ses Roques. L&#039;elaboraci\u00f3 del vi negre es realitza en petits dip\u00f2sits de formig\u00f3 en perfectes condicions sanit\u00e0ries, a temperatura controlada per fred, mantenint-se amb maceracions suaus d&#039;entre 20 i 40 dies, depenent del tipus de ra\u00efm.  Un cop finalitzada la fermentaci\u00f3 alcoh\u00f2lica, es procedeix amb el premsat de les pells, de manera molt suau (a 1,5 Atmosferes), durant un per\u00edode curt, per la qual cosa els rendiments s\u00f3n sempre baixos per obtenir vins suaus al paladar.  La crian\u00e7a sol durar de 6 a 9 mesos en barricades de roure franc\u00e8s de 500 litres.  Un cop feta la crian\u00e7a, el vi passar\u00e0 a l&#039;embotellament.\" \/>\n<meta property=\"og:url\" content=\"https:\/\/vinsripoll.com\/ca\/product\/vi-negre-ses-roques\/\" \/>\n<meta property=\"og:site_name\" content=\"Vins Ripoll\" \/>\n<meta property=\"article:modified_time\" content=\"2025-06-03T07:57:00+00:00\" \/>\n<meta property=\"og:image\" content=\"https:\/\/vinsripoll.com\/wp-content\/uploads\/2025\/05\/vino-tinto-ses-roques.jpg\" \/>\n\t<meta property=\"og:image:width\" content=\"1200\" \/>\n\t<meta property=\"og:image:height\" content=\"1200\" \/>\n\t<meta property=\"og:image:type\" content=\"image\/jpeg\" \/>\n<meta name=\"twitter:card\" content=\"summary_large_image\" \/>\n<meta name=\"twitter:label1\" content=\"Temps estimat de lectura\" \/>\n\t<meta name=\"twitter:data1\" content=\"1 minut\" \/>\n<script type=\"application\/ld+json\" class=\"yoast-schema-graph\">{\"@context\":\"https:\/\/schema.org\",\"@graph\":[{\"@type\":\"WebPage\",\"@id\":\"https:\/\/vinsripoll.com\/ca\/product\/vi-negre-ses-roques\/\",\"url\":\"https:\/\/vinsripoll.com\/ca\/product\/vi-negre-ses-roques\/\",\"name\":\"Vi Negre - Vins Ripoll\",\"isPartOf\":{\"@id\":\"https:\/\/vinsripoll.com\/ca\/#website\"},\"primaryImageOfPage\":{\"@id\":\"https:\/\/vinsripoll.com\/ca\/product\/vi-negre-ses-roques\/#primaryimage\"},\"image\":{\"@id\":\"https:\/\/vinsripoll.com\/ca\/product\/vi-negre-ses-roques\/#primaryimage\"},\"thumbnailUrl\":\"https:\/\/vinsripoll.com\/wp-content\/uploads\/2025\/05\/vino-tinto-ses-roques.jpg\",\"datePublished\":\"2020-05-12T10:21:00+00:00\",\"dateModified\":\"2025-06-03T07:57:00+00:00\",\"breadcrumb\":{\"@id\":\"https:\/\/vinsripoll.com\/ca\/product\/vi-negre-ses-roques\/#breadcrumb\"},\"inLanguage\":\"ca\",\"potentialAction\":[{\"@type\":\"ReadAction\",\"target\":[\"https:\/\/vinsripoll.com\/ca\/product\/vi-negre-ses-roques\/\"]}]},{\"@type\":\"ImageObject\",\"inLanguage\":\"ca\",\"@id\":\"https:\/\/vinsripoll.com\/ca\/product\/vi-negre-ses-roques\/#primaryimage\",\"url\":\"https:\/\/vinsripoll.com\/wp-content\/uploads\/2025\/05\/vino-tinto-ses-roques.jpg\",\"contentUrl\":\"https:\/\/vinsripoll.com\/wp-content\/uploads\/2025\/05\/vino-tinto-ses-roques.jpg\",\"width\":1200,\"height\":1200,\"caption\":\"Vino tinto Ses Roques\"},{\"@type\":\"BreadcrumbList\",\"@id\":\"https:\/\/vinsripoll.com\/ca\/product\/vi-negre-ses-roques\/#breadcrumb\",\"itemListElement\":[{\"@type\":\"ListItem\",\"position\":1,\"name\":\"Home\",\"item\":\"https:\/\/vinsripoll.com\/ca\/inicio\/\"},{\"@type\":\"ListItem\",\"position\":2,\"name\":\"Productes\",\"item\":\"https:\/\/vinsripoll.com\/ca\/shop\/\"},{\"@type\":\"ListItem\",\"position\":3,\"name\":\"Vi Negre\"}]},{\"@type\":\"WebSite\",\"@id\":\"https:\/\/vinsripoll.com\/ca\/#website\",\"url\":\"https:\/\/vinsripoll.com\/ca\/\",\"name\":\"Vins Ripoll\",\"description\":\"Bodega\",\"publisher\":{\"@id\":\"https:\/\/vinsripoll.com\/ca\/#organization\"},\"potentialAction\":[{\"@type\":\"SearchAction\",\"target\":{\"@type\":\"EntryPoint\",\"urlTemplate\":\"https:\/\/vinsripoll.com\/ca\/?s={search_term_string}\"},\"query-input\":{\"@type\":\"PropertyValueSpecification\",\"valueRequired\":true,\"valueName\":\"search_term_string\"}}],\"inLanguage\":\"ca\"},{\"@type\":\"Organization\",\"@id\":\"https:\/\/vinsripoll.com\/ca\/#organization\",\"name\":\"Vins Ripoll\",\"url\":\"https:\/\/vinsripoll.com\/ca\/\",\"logo\":{\"@type\":\"ImageObject\",\"inLanguage\":\"ca\",\"@id\":\"https:\/\/vinsripoll.com\/ca\/#\/schema\/logo\/image\/\",\"url\":\"https:\/\/vinsripoll.com\/wp-content\/uploads\/2025\/05\/logo-BN-BODEGAS-RIPOLL.png\",\"contentUrl\":\"https:\/\/vinsripoll.com\/wp-content\/uploads\/2025\/05\/logo-BN-BODEGAS-RIPOLL.png\",\"width\":1147,\"height\":819,\"caption\":\"Vins Ripoll\"},\"image\":{\"@id\":\"https:\/\/vinsripoll.com\/ca\/#\/schema\/logo\/image\/\"}}]}<\/script>\n<!-- \/ Yoast SEO plugin. -->","yoast_head_json":{"title":"Vi Negre - Vins Ripoll","robots":{"index":"index","follow":"follow","max-snippet":"max-snippet:-1","max-image-preview":"max-image-preview:large","max-video-preview":"max-video-preview:-1"},"canonical":"https:\/\/vinsripoll.com\/ca\/product\/vi-negre-ses-roques\/","og_locale":"ca_ES","og_type":"article","og_title":"Vi Negre - Vins Ripoll","og_description":"Vi negre Ses Roques. L'elaboraci\u00f3 del vi negre es realitza en petits dip\u00f2sits de formig\u00f3 en perfectes condicions sanit\u00e0ries, a temperatura controlada per fred, mantenint-se amb maceracions suaus d'entre 20 i 40 dies, depenent del tipus de ra\u00efm.  Un cop finalitzada la fermentaci\u00f3 alcoh\u00f2lica, es procedeix amb el premsat de les pells, de manera molt suau (a 1,5 Atmosferes), durant un per\u00edode curt, per la qual cosa els rendiments s\u00f3n sempre baixos per obtenir vins suaus al paladar.  La crian\u00e7a sol durar de 6 a 9 mesos en barricades de roure franc\u00e8s de 500 litres.  Un cop feta la crian\u00e7a, el vi passar\u00e0 a l'embotellament.","og_url":"https:\/\/vinsripoll.com\/ca\/product\/vi-negre-ses-roques\/","og_site_name":"Vins Ripoll","article_modified_time":"2025-06-03T07:57:00+00:00","og_image":[{"width":1200,"height":1200,"url":"https:\/\/vinsripoll.com\/wp-content\/uploads\/2025\/05\/vino-tinto-ses-roques.jpg","type":"image\/jpeg"}],"twitter_card":"summary_large_image","twitter_misc":{"Temps estimat de lectura":"1 minut"},"schema":{"@context":"https:\/\/schema.org","@graph":[{"@type":"WebPage","@id":"https:\/\/vinsripoll.com\/ca\/product\/vi-negre-ses-roques\/","url":"https:\/\/vinsripoll.com\/ca\/product\/vi-negre-ses-roques\/","name":"Vi Negre - Vins Ripoll","isPartOf":{"@id":"https:\/\/vinsripoll.com\/ca\/#website"},"primaryImageOfPage":{"@id":"https:\/\/vinsripoll.com\/ca\/product\/vi-negre-ses-roques\/#primaryimage"},"image":{"@id":"https:\/\/vinsripoll.com\/ca\/product\/vi-negre-ses-roques\/#primaryimage"},"thumbnailUrl":"https:\/\/vinsripoll.com\/wp-content\/uploads\/2025\/05\/vino-tinto-ses-roques.jpg","datePublished":"2020-05-12T10:21:00+00:00","dateModified":"2025-06-03T07:57:00+00:00","breadcrumb":{"@id":"https:\/\/vinsripoll.com\/ca\/product\/vi-negre-ses-roques\/#breadcrumb"},"inLanguage":"ca","potentialAction":[{"@type":"ReadAction","target":["https:\/\/vinsripoll.com\/ca\/product\/vi-negre-ses-roques\/"]}]},{"@type":"ImageObject","inLanguage":"ca","@id":"https:\/\/vinsripoll.com\/ca\/product\/vi-negre-ses-roques\/#primaryimage","url":"https:\/\/vinsripoll.com\/wp-content\/uploads\/2025\/05\/vino-tinto-ses-roques.jpg","contentUrl":"https:\/\/vinsripoll.com\/wp-content\/uploads\/2025\/05\/vino-tinto-ses-roques.jpg","width":1200,"height":1200,"caption":"Vino tinto Ses Roques"},{"@type":"BreadcrumbList","@id":"https:\/\/vinsripoll.com\/ca\/product\/vi-negre-ses-roques\/#breadcrumb","itemListElement":[{"@type":"ListItem","position":1,"name":"Home","item":"https:\/\/vinsripoll.com\/ca\/inicio\/"},{"@type":"ListItem","position":2,"name":"Productes","item":"https:\/\/vinsripoll.com\/ca\/shop\/"},{"@type":"ListItem","position":3,"name":"Vi Negre"}]},{"@type":"WebSite","@id":"https:\/\/vinsripoll.com\/ca\/#website","url":"https:\/\/vinsripoll.com\/ca\/","name":"Vins Ripoll","description":"Bodega","publisher":{"@id":"https:\/\/vinsripoll.com\/ca\/#organization"},"potentialAction":[{"@type":"SearchAction","target":{"@type":"EntryPoint","urlTemplate":"https:\/\/vinsripoll.com\/ca\/?s={search_term_string}"},"query-input":{"@type":"PropertyValueSpecification","valueRequired":true,"valueName":"search_term_string"}}],"inLanguage":"ca"},{"@type":"Organization","@id":"https:\/\/vinsripoll.com\/ca\/#organization","name":"Vins Ripoll","url":"https:\/\/vinsripoll.com\/ca\/","logo":{"@type":"ImageObject","inLanguage":"ca","@id":"https:\/\/vinsripoll.com\/ca\/#\/schema\/logo\/image\/","url":"https:\/\/vinsripoll.com\/wp-content\/uploads\/2025\/05\/logo-BN-BODEGAS-RIPOLL.png","contentUrl":"https:\/\/vinsripoll.com\/wp-content\/uploads\/2025\/05\/logo-BN-BODEGAS-RIPOLL.png","width":1147,"height":819,"caption":"Vins Ripoll"},"image":{"@id":"https:\/\/vinsripoll.com\/ca\/#\/schema\/logo\/image\/"}}]}},"_links":{"self":[{"href":"https:\/\/vinsripoll.com\/ca\/wp-json\/wp\/v2\/product\/21286","targetHints":{"allow":["GET"]}}],"collection":[{"href":"https:\/\/vinsripoll.com\/ca\/wp-json\/wp\/v2\/product"}],"about":[{"href":"https:\/\/vinsripoll.com\/ca\/wp-json\/wp\/v2\/types\/product"}],"replies":[{"embeddable":true,"href":"https:\/\/vinsripoll.com\/ca\/wp-json\/wp\/v2\/comments?post=21286"}],"wp:featuredmedia":[{"embeddable":true,"href":"https:\/\/vinsripoll.com\/ca\/wp-json\/wp\/v2\/media\/20948"}],"wp:attachment":[{"href":"https:\/\/vinsripoll.com\/ca\/wp-json\/wp\/v2\/media?parent=21286"}],"wp:term":[{"taxonomy":"product_brand","embeddable":true,"href":"https:\/\/vinsripoll.com\/ca\/wp-json\/wp\/v2\/product_brand?post=21286"},{"taxonomy":"product_cat","embeddable":true,"href":"https:\/\/vinsripoll.com\/ca\/wp-json\/wp\/v2\/product_cat?post=21286"},{"taxonomy":"product_tag","embeddable":true,"href":"https:\/\/vinsripoll.com\/ca\/wp-json\/wp\/v2\/product_tag?post=21286"}],"curies":[{"name":"wp","href":"https:\/\/api.w.org\/{rel}","templated":true}]}}