{"id":21266,"date":"2025-06-02T15:29:37","date_gmt":"2025-06-02T13:29:37","guid":{"rendered":"https:\/\/vinsripoll.com\/politica-de-privacidad\/"},"modified":"2025-06-05T12:03:46","modified_gmt":"2025-06-05T10:03:46","slug":"politica-de-privacitat","status":"publish","type":"page","link":"https:\/\/vinsripoll.com\/ca\/politica-de-privacitat\/","title":{"rendered":"Pol\u00edtica de privacitat"},"content":{"rendered":"\t\t<div data-elementor-type=\"wp-page\" data-elementor-id=\"21266\" class=\"elementor elementor-21266 elementor-21117\">\n\t\t\t\t\t\t<section class=\"elementor-section elementor-top-section elementor-element elementor-element-e768ed1 elementor-section-boxed elementor-section-height-default elementor-section-height-default sc_fly_static\" data-id=\"e768ed1\" data-element_type=\"section\" data-settings=\"{&quot;background_background&quot;:&quot;classic&quot;}\">\n\t\t\t\t\t\t<div class=\"elementor-container elementor-column-gap-extended\">\n\t\t\t\t\t<div class=\"elementor-column elementor-col-100 elementor-top-column elementor-element elementor-element-32b04b2 sc_content_align_inherit sc_layouts_column_icons_position_left sc_fly_static\" data-id=\"32b04b2\" data-element_type=\"column\">\n\t\t\t<div class=\"elementor-widget-wrap elementor-element-populated\">\n\t\t\t\t\t\t<div class=\"elementor-element elementor-element-e5976a6 sc_fly_static elementor-widget elementor-widget-trx_sc_title\" data-id=\"e5976a6\" data-element_type=\"widget\" data-widget_type=\"trx_sc_title.default\">\n\t\t\t\t<div class=\"elementor-widget-container\">\n\t\t\t\t\t<div\t\tclass=\"sc_title sc_title_default\" ><h2 class=\"sc_item_title sc_title_title sc_align_center sc_item_title_style_default sc_item_title_tag\"\n\t\t\t><span class=\"sc_item_title_text\">Pol\u00edtica de privacitat<\/span><\/h2><\/div>\t\t\t\t<\/div>\n\t\t\t\t<\/div>\n\t\t\t\t<div class=\"elementor-element elementor-element-e373246 sc_fly_static elementor-widget elementor-widget-spacer\" data-id=\"e373246\" data-element_type=\"widget\" data-widget_type=\"spacer.default\">\n\t\t\t\t<div class=\"elementor-widget-container\">\n\t\t\t\t\t\t\t<div class=\"elementor-spacer\">\n\t\t\t<div class=\"elementor-spacer-inner\"><\/div>\n\t\t<\/div>\n\t\t\t\t\t\t<\/div>\n\t\t\t\t<\/div>\n\t\t\t\t\t<\/div>\n\t\t<\/div>\n\t\t\t\t\t<\/div>\n\t\t<\/section>\n\t\t\t\t<section class=\"elementor-section elementor-top-section elementor-element elementor-element-6e8e2cf5 elementor-section-boxed elementor-section-height-default elementor-section-height-default sc_fly_static\" data-id=\"6e8e2cf5\" data-element_type=\"section\">\n\t\t\t\t\t\t<div class=\"elementor-container elementor-column-gap-extended\">\n\t\t\t\t\t<div class=\"elementor-column elementor-col-100 elementor-top-column elementor-element elementor-element-217a69c8 sc_content_align_inherit sc_layouts_column_icons_position_left sc_fly_static\" data-id=\"217a69c8\" data-element_type=\"column\">\n\t\t\t<div class=\"elementor-widget-wrap elementor-element-populated\">\n\t\t\t\t\t\t<div class=\"elementor-element elementor-element-2e7e71f1 sc_fly_static elementor-widget elementor-widget-text-editor\" data-id=\"2e7e71f1\" data-element_type=\"widget\" data-widget_type=\"text-editor.default\">\n\t\t\t\t<div class=\"elementor-widget-container\">\n\t\t\t\t\t\t\t\t\t<div class=\"p-rich_text_section\"><span style=\"color: #000000;\"><b data-stringify-type=\"bold\">Dades del Responsable del Tractament<\/b><\/span><\/div><ul class=\"p-rich_text_list p-rich_text_list__bullet p-rich_text_list--nested\" data-stringify-type=\"unordered-list\" data-list-tree=\"true\" data-indent=\"0\" data-border=\"0\"><li data-stringify-indent=\"0\" data-stringify-border=\"0\"><b data-stringify-type=\"bold\">Responsable:<\/b> Vins Ripoll<\/li><li data-stringify-indent=\"0\" data-stringify-border=\"0\"><b data-stringify-type=\"bold\">CIF:<\/b> B07162464<\/li><li data-stringify-indent=\"0\" data-stringify-border=\"0\"><b data-stringify-type=\"bold\">Domicili:<\/b> C\/ Pere Estruch, 27, 07350 Binissalem, Illes Balears, Espanya<\/li><li data-stringify-indent=\"0\" data-stringify-border=\"0\"><b data-stringify-type=\"bold\">Tel\u00e8fon:<\/b> 629 709 915<\/li><li data-stringify-indent=\"0\" data-stringify-border=\"0\"><b data-stringify-type=\"bold\">Correu electr\u00f2nic:<\/b> <a class=\"c-link\" href=\"mailto:guaspantonia@yahoo.es\" target=\"_blank\" rel=\"noopener noreferrer\" data-stringify-link=\"mailto:guaspantonia@yahoo.es\" data-sk=\"tooltip_parent\" aria-haspopup=\"menu\">guaspantonia@yahoo.es<\/a><\/li><\/ul><div class=\"p-rich_text_section\"><p><span style=\"color: #000000;\"><b data-stringify-type=\"bold\">Normativa Aplicable<\/b><\/span><br \/>Aquesta pol\u00edtica de privacitat est\u00e0 adaptada al Reglament (UE) 2016\/679 (Reglament General de Protecci\u00f3 de Dades &#8211; RGPD), a la Llei Org\u00e0nica 3\/2018 de Protecci\u00f3 de Dades Personals i garantia dels drets digitals, i a la Llei 34\/2002, de Serveis de la Societat de la Informaci\u00f3 i de Comer\u00e7 Electr\u00f2nic.<\/p><p><span style=\"color: #000000;\"><b data-stringify-type=\"bold\">Finalitat del Tractament<\/b><\/span><br \/>Les dades personals recollides a trav\u00e9s d\u2019aquest lloc web es tractaran amb les seg\u00fcents finalitats:<\/p><\/div><ul class=\"p-rich_text_list p-rich_text_list__bullet p-rich_text_list--nested\" data-stringify-type=\"unordered-list\" data-list-tree=\"true\" data-indent=\"0\" data-border=\"0\"><li data-stringify-indent=\"0\" data-stringify-border=\"0\">Gestionar sol\u00b7licituds de contacte, informaci\u00f3 o consultes enviades a trav\u00e9s del lloc web.<\/li><li data-stringify-indent=\"0\" data-stringify-border=\"0\">Mantenir la relaci\u00f3 comercial i\/o contractual amb clients i usuaris.<\/li><li data-stringify-indent=\"0\" data-stringify-border=\"0\">Enviar comunicacions informatives o promocionals, si l\u2019usuari ho consenteix expressament.<\/li><\/ul><div class=\"p-rich_text_section\"><span style=\"color: #000000;\"><b data-stringify-type=\"bold\">Legitimaci\u00f3 del Tractament<\/b><\/span><br \/>La base legal per al tractament de les seves dades \u00e9s:<\/div><ul class=\"p-rich_text_list p-rich_text_list__bullet p-rich_text_list--nested\" data-stringify-type=\"unordered-list\" data-list-tree=\"true\" data-indent=\"0\" data-border=\"0\"><li data-stringify-indent=\"0\" data-stringify-border=\"0\">El consentiment expr\u00e9s de l\u2019interessat en completar i enviar formularis o contactar volunt\u00e0riament.<\/li><li data-stringify-indent=\"0\" data-stringify-border=\"0\">El compliment d\u2019una relaci\u00f3 contractual o precontractual.<\/li><li data-stringify-indent=\"0\" data-stringify-border=\"0\">El compliment d\u2019obligacions legals aplicables al responsable del tractament.<\/li><\/ul><div class=\"p-rich_text_section\"><p><span style=\"color: #000000;\"><b data-stringify-type=\"bold\">Termini de Conservaci\u00f3 de les Dades<\/b><\/span><br \/>Les dades personals es conservaran mentre existeixi una relaci\u00f3 activa amb l\u2019usuari o fins que aquest sol\u00b7liciti la seva supressi\u00f3. Posteriorment, es conservaran degudament bloquejades pel temps necessari per complir amb les obligacions legals.<\/p><p><span style=\"color: #000000;\"><b data-stringify-type=\"bold\">Categories de Dades Tractades<\/b><\/span><\/p><\/div><ul class=\"p-rich_text_list p-rich_text_list__bullet p-rich_text_list--nested\" data-stringify-type=\"unordered-list\" data-list-tree=\"true\" data-indent=\"0\" data-border=\"0\"><li data-stringify-indent=\"0\" data-stringify-border=\"0\">Dades identificatives: nom, cognoms, correu electr\u00f2nic, tel\u00e8fon.<\/li><li data-stringify-indent=\"0\" data-stringify-border=\"0\">Dades t\u00e8cniques: adre\u00e7a IP, tipus de navegador, durada de la visita, etc.<\/li><\/ul><div class=\"p-rich_text_section\"><p><span style=\"color: #000000;\"><b data-stringify-type=\"bold\">Destinataris de les Dades<\/b><\/span><br \/>No es preveuen cessi\u00f3 de dades a tercers, excepte obligaci\u00f3 legal o necessitat operativa amb prove\u00efdors degudament contractats com a encarregats del tractament, conforme al RGPD.<\/p><p><span style=\"color: #000000;\"><b data-stringify-type=\"bold\">Transfer\u00e8ncies Internacionals<\/b><\/span><br \/>No es realitzen transfer\u00e8ncies internacionals de dades.<\/p><p><span style=\"color: #000000;\"><b data-stringify-type=\"bold\">Mesures de Seguretat<\/b><\/span><br \/>El responsable ha adoptat les mesures t\u00e8cniques i organitzatives necess\u00e0ries per garantir la seguretat i integritat de les dades personals, evitant la seva p\u00e8rdua, alteraci\u00f3 o acc\u00e9s no autoritzat.<\/p><p><span style=\"color: #000000;\"><b data-stringify-type=\"bold\">Drets de l\u2019Usuari<\/b><\/span><br \/>L\u2019usuari pot exercir en qualsevol moment els seg\u00fcents drets:<\/p><\/div><ul class=\"p-rich_text_list p-rich_text_list__bullet p-rich_text_list--nested\" data-stringify-type=\"unordered-list\" data-list-tree=\"true\" data-indent=\"0\" data-border=\"0\"><li data-stringify-indent=\"0\" data-stringify-border=\"0\">Acc\u00e9s a les seves dades personals<\/li><li data-stringify-indent=\"0\" data-stringify-border=\"0\">Rectificaci\u00f3 de les dades inexactes<\/li><li data-stringify-indent=\"0\" data-stringify-border=\"0\">Supressi\u00f3 de les seves dades<\/li><li data-stringify-indent=\"0\" data-stringify-border=\"0\">Oposici\u00f3 al tractament<\/li><li data-stringify-indent=\"0\" data-stringify-border=\"0\">Limitaci\u00f3 del tractament<\/li><li data-stringify-indent=\"0\" data-stringify-border=\"0\">Portabilitat de les seves dades<\/li><li data-stringify-indent=\"0\" data-stringify-border=\"0\">Retirada del consentiment<\/li><\/ul><div class=\"p-rich_text_section\"><p>Per exercir aquests drets ha de contactar per correu electr\u00f2nic a <b data-stringify-type=\"bold\"><a class=\"c-link\" href=\"mailto:guaspantonia@yahoo.es\" target=\"_blank\" rel=\"noopener noreferrer\" data-stringify-link=\"mailto:guaspantonia@yahoo.es\" data-sk=\"tooltip_parent\" aria-haspopup=\"menu\">guaspantonia@yahoo.es<\/a><\/b>, acreditant la seva identitat. Tamb\u00e9 t\u00e9 dret a presentar una reclamaci\u00f3 davant l\u2019Ag\u00e8ncia Espanyola de Protecci\u00f3 de Dades (<a class=\"c-link\" href=\"http:\/\/www.aepd.es\/\" target=\"_blank\" rel=\"noopener noreferrer\" data-stringify-link=\"http:\/\/www.aepd.es\" data-sk=\"tooltip_parent\">www.aepd.es<\/a>).<\/p><p><span style=\"color: #000000;\"><b data-stringify-type=\"bold\">Consentiment per a Comunicacions<\/b><\/span><br \/>Si l\u2019usuari marca la casella corresponent, accepta expressament que el responsable li envi\u00ef comunicacions per mitjans electr\u00f2nics relatives a productes, serveis o continguts relacionats amb l\u2019activitat del lloc web. Podr\u00e0 revocar aquest consentiment en qualsevol moment.<\/p><\/div>\t\t\t\t\t\t\t\t<\/div>\n\t\t\t\t<\/div>\n\t\t\t\t\t<\/div>\n\t\t<\/div>\n\t\t\t\t\t<\/div>\n\t\t<\/section>\n\t\t\t\t<\/div>\n\t\t","protected":false},"excerpt":{"rendered":"<p>Pol\u00edtica de privacitat Dades del Responsable del Tractament Responsable: Vins Ripoll CIF: B07162464 Domicili: C\/ Pere Estruch, 27, 07350 Binissalem, Illes Balears, Espanya Tel\u00e8fon: 629 709 915 Correu electr\u00f2nic: guaspantonia@yahoo.es&hellip;<\/p>\n","protected":false},"author":1,"featured_media":0,"parent":0,"menu_order":0,"comment_status":"closed","ping_status":"closed","template":"","meta":{"footnotes":""},"class_list":["post-21266","page","type-page","status-publish","hentry"],"yoast_head":"<!-- This site is optimized with the Yoast SEO plugin v24.8.1 - https:\/\/yoast.com\/wordpress\/plugins\/seo\/ -->\n<title>Pol\u00edtica de privacitat - Vins Ripoll<\/title>\n<meta name=\"description\" content=\"Consulta la Pol\u00edtica de Privacitat de Vins Ripoll: informaci\u00f3 sobre la recollida, \u00fas i protecci\u00f3 de les teves dades personals.\" \/>\n<meta name=\"robots\" content=\"index, follow, max-snippet:-1, max-image-preview:large, max-video-preview:-1\" \/>\n<link rel=\"canonical\" href=\"https:\/\/vinsripoll.com\/ca\/politica-de-privacitat\/\" \/>\n<meta property=\"og:locale\" content=\"ca_ES\" \/>\n<meta property=\"og:type\" content=\"article\" \/>\n<meta property=\"og:title\" content=\"Pol\u00edtica de privacitat - Vins Ripoll\" \/>\n<meta property=\"og:description\" content=\"Consulta la Pol\u00edtica de Privacitat de Vins Ripoll: informaci\u00f3 sobre la recollida, \u00fas i protecci\u00f3 de les teves dades personals.\" \/>\n<meta property=\"og:url\" content=\"https:\/\/vinsripoll.com\/ca\/politica-de-privacitat\/\" \/>\n<meta property=\"og:site_name\" content=\"Vins Ripoll\" \/>\n<meta property=\"article:modified_time\" content=\"2025-06-05T10:03:46+00:00\" \/>\n<meta name=\"twitter:card\" content=\"summary_large_image\" \/>\n<meta name=\"twitter:label1\" content=\"Temps estimat de lectura\" \/>\n\t<meta name=\"twitter:data1\" content=\"3 minuts\" \/>\n<script type=\"application\/ld+json\" class=\"yoast-schema-graph\">{\"@context\":\"https:\/\/schema.org\",\"@graph\":[{\"@type\":\"WebPage\",\"@id\":\"https:\/\/vinsripoll.com\/ca\/politica-de-privacitat\/\",\"url\":\"https:\/\/vinsripoll.com\/ca\/politica-de-privacitat\/\",\"name\":\"Pol\u00edtica de privacitat - Vins Ripoll\",\"isPartOf\":{\"@id\":\"https:\/\/vinsripoll.com\/ca\/#website\"},\"datePublished\":\"2025-06-02T13:29:37+00:00\",\"dateModified\":\"2025-06-05T10:03:46+00:00\",\"description\":\"Consulta la Pol\u00edtica de Privacitat de Vins Ripoll: informaci\u00f3 sobre la recollida, \u00fas i protecci\u00f3 de les teves dades personals.\",\"breadcrumb\":{\"@id\":\"https:\/\/vinsripoll.com\/ca\/politica-de-privacitat\/#breadcrumb\"},\"inLanguage\":\"ca\",\"potentialAction\":[{\"@type\":\"ReadAction\",\"target\":[\"https:\/\/vinsripoll.com\/ca\/politica-de-privacitat\/\"]}]},{\"@type\":\"BreadcrumbList\",\"@id\":\"https:\/\/vinsripoll.com\/ca\/politica-de-privacitat\/#breadcrumb\",\"itemListElement\":[{\"@type\":\"ListItem\",\"position\":1,\"name\":\"Home\",\"item\":\"https:\/\/vinsripoll.com\/ca\/inicio\/\"},{\"@type\":\"ListItem\",\"position\":2,\"name\":\"Pol\u00edtica de privacitat\"}]},{\"@type\":\"WebSite\",\"@id\":\"https:\/\/vinsripoll.com\/ca\/#website\",\"url\":\"https:\/\/vinsripoll.com\/ca\/\",\"name\":\"Vins Ripoll\",\"description\":\"Bodega\",\"publisher\":{\"@id\":\"https:\/\/vinsripoll.com\/ca\/#organization\"},\"potentialAction\":[{\"@type\":\"SearchAction\",\"target\":{\"@type\":\"EntryPoint\",\"urlTemplate\":\"https:\/\/vinsripoll.com\/ca\/?s={search_term_string}\"},\"query-input\":{\"@type\":\"PropertyValueSpecification\",\"valueRequired\":true,\"valueName\":\"search_term_string\"}}],\"inLanguage\":\"ca\"},{\"@type\":\"Organization\",\"@id\":\"https:\/\/vinsripoll.com\/ca\/#organization\",\"name\":\"Vins Ripoll\",\"url\":\"https:\/\/vinsripoll.com\/ca\/\",\"logo\":{\"@type\":\"ImageObject\",\"inLanguage\":\"ca\",\"@id\":\"https:\/\/vinsripoll.com\/ca\/#\/schema\/logo\/image\/\",\"url\":\"https:\/\/vinsripoll.com\/wp-content\/uploads\/2025\/05\/logo-BN-BODEGAS-RIPOLL.png\",\"contentUrl\":\"https:\/\/vinsripoll.com\/wp-content\/uploads\/2025\/05\/logo-BN-BODEGAS-RIPOLL.png\",\"width\":1147,\"height\":819,\"caption\":\"Vins Ripoll\"},\"image\":{\"@id\":\"https:\/\/vinsripoll.com\/ca\/#\/schema\/logo\/image\/\"}}]}<\/script>\n<!-- \/ Yoast SEO plugin. -->","yoast_head_json":{"title":"Pol\u00edtica de privacitat - Vins Ripoll","description":"Consulta la Pol\u00edtica de Privacitat de Vins Ripoll: informaci\u00f3 sobre la recollida, \u00fas i protecci\u00f3 de les teves dades personals.","robots":{"index":"index","follow":"follow","max-snippet":"max-snippet:-1","max-image-preview":"max-image-preview:large","max-video-preview":"max-video-preview:-1"},"canonical":"https:\/\/vinsripoll.com\/ca\/politica-de-privacitat\/","og_locale":"ca_ES","og_type":"article","og_title":"Pol\u00edtica de privacitat - Vins Ripoll","og_description":"Consulta la Pol\u00edtica de Privacitat de Vins Ripoll: informaci\u00f3 sobre la recollida, \u00fas i protecci\u00f3 de les teves dades personals.","og_url":"https:\/\/vinsripoll.com\/ca\/politica-de-privacitat\/","og_site_name":"Vins Ripoll","article_modified_time":"2025-06-05T10:03:46+00:00","twitter_card":"summary_large_image","twitter_misc":{"Temps estimat de lectura":"3 minuts"},"schema":{"@context":"https:\/\/schema.org","@graph":[{"@type":"WebPage","@id":"https:\/\/vinsripoll.com\/ca\/politica-de-privacitat\/","url":"https:\/\/vinsripoll.com\/ca\/politica-de-privacitat\/","name":"Pol\u00edtica de privacitat - Vins Ripoll","isPartOf":{"@id":"https:\/\/vinsripoll.com\/ca\/#website"},"datePublished":"2025-06-02T13:29:37+00:00","dateModified":"2025-06-05T10:03:46+00:00","description":"Consulta la Pol\u00edtica de Privacitat de Vins Ripoll: informaci\u00f3 sobre la recollida, \u00fas i protecci\u00f3 de les teves dades personals.","breadcrumb":{"@id":"https:\/\/vinsripoll.com\/ca\/politica-de-privacitat\/#breadcrumb"},"inLanguage":"ca","potentialAction":[{"@type":"ReadAction","target":["https:\/\/vinsripoll.com\/ca\/politica-de-privacitat\/"]}]},{"@type":"BreadcrumbList","@id":"https:\/\/vinsripoll.com\/ca\/politica-de-privacitat\/#breadcrumb","itemListElement":[{"@type":"ListItem","position":1,"name":"Home","item":"https:\/\/vinsripoll.com\/ca\/inicio\/"},{"@type":"ListItem","position":2,"name":"Pol\u00edtica de privacitat"}]},{"@type":"WebSite","@id":"https:\/\/vinsripoll.com\/ca\/#website","url":"https:\/\/vinsripoll.com\/ca\/","name":"Vins Ripoll","description":"Bodega","publisher":{"@id":"https:\/\/vinsripoll.com\/ca\/#organization"},"potentialAction":[{"@type":"SearchAction","target":{"@type":"EntryPoint","urlTemplate":"https:\/\/vinsripoll.com\/ca\/?s={search_term_string}"},"query-input":{"@type":"PropertyValueSpecification","valueRequired":true,"valueName":"search_term_string"}}],"inLanguage":"ca"},{"@type":"Organization","@id":"https:\/\/vinsripoll.com\/ca\/#organization","name":"Vins Ripoll","url":"https:\/\/vinsripoll.com\/ca\/","logo":{"@type":"ImageObject","inLanguage":"ca","@id":"https:\/\/vinsripoll.com\/ca\/#\/schema\/logo\/image\/","url":"https:\/\/vinsripoll.com\/wp-content\/uploads\/2025\/05\/logo-BN-BODEGAS-RIPOLL.png","contentUrl":"https:\/\/vinsripoll.com\/wp-content\/uploads\/2025\/05\/logo-BN-BODEGAS-RIPOLL.png","width":1147,"height":819,"caption":"Vins Ripoll"},"image":{"@id":"https:\/\/vinsripoll.com\/ca\/#\/schema\/logo\/image\/"}}]}},"_links":{"self":[{"href":"https:\/\/vinsripoll.com\/ca\/wp-json\/wp\/v2\/pages\/21266","targetHints":{"allow":["GET"]}}],"collection":[{"href":"https:\/\/vinsripoll.com\/ca\/wp-json\/wp\/v2\/pages"}],"about":[{"href":"https:\/\/vinsripoll.com\/ca\/wp-json\/wp\/v2\/types\/page"}],"author":[{"embeddable":true,"href":"https:\/\/vinsripoll.com\/ca\/wp-json\/wp\/v2\/users\/1"}],"replies":[{"embeddable":true,"href":"https:\/\/vinsripoll.com\/ca\/wp-json\/wp\/v2\/comments?post=21266"}],"version-history":[{"count":7,"href":"https:\/\/vinsripoll.com\/ca\/wp-json\/wp\/v2\/pages\/21266\/revisions"}],"predecessor-version":[{"id":21911,"href":"https:\/\/vinsripoll.com\/ca\/wp-json\/wp\/v2\/pages\/21266\/revisions\/21911"}],"wp:attachment":[{"href":"https:\/\/vinsripoll.com\/ca\/wp-json\/wp\/v2\/media?parent=21266"}],"curies":[{"name":"wp","href":"https:\/\/api.w.org\/{rel}","templated":true}]}}